{"id":6008,"date":"2021-02-12T01:16:35","date_gmt":"2021-02-12T00:16:35","guid":{"rendered":"https:\/\/suzanne-forsstroem.de\/interkulturell-traening-coachning-2\/interkulturell-kompetens\/"},"modified":"2021-06-01T17:10:32","modified_gmt":"2021-06-01T15:10:32","slug":"interkulturell-kompetens","status":"publish","type":"page","link":"https:\/\/suzanne-forsstroem.de\/sv\/interkulturell-traening-coachning\/interkulturell-kompetens\/","title":{"rendered":"Interkulturell kompetens"},"content":{"rendered":"<p>[et_pb_section fb_built=&#8221;1&#8243; fullwidth=&#8221;on&#8221; module_class=&#8221;header-bg&#8221; _builder_version=&#8221;4.7.6&#8243; _module_preset=&#8221;default&#8221; background_enable_color=&#8221;off&#8221; background_color_gradient_direction=&#8221;45deg&#8221; background_enable_image=&#8221;off&#8221; custom_margin=&#8221;0px||0px||true|false&#8221; custom_padding=&#8221;||||true|false&#8221; custom_css_main_element=&#8221;\/* Permalink &#8211; use to edit and share this gradient: https:\/\/colorzilla.com\/gradient-editor\/#f6f8f9+0,e5ebee+50,d7dee3+51,f5f7f9+100;White+Gloss *\/||background: #f6f8f9; \/* Old browsers *\/||background: -moz-linear-gradient(-45deg,  #f6f8f9 0%, #e5ebee 50%, #d7dee3 51%, #f5f7f9 100%); \/* FF3.6-15 *\/||background: -webkit-linear-gradient(-45deg,  #f6f8f9 0%,#e5ebee 50%,#d7dee3 51%,#f5f7f9 100%); \/* Chrome10-25,Safari5.1-6 *\/||background: linear-gradient(135deg,  #f6f8f9 0%,#e5ebee 50%,#d7dee3 51%,#f5f7f9 100%); \/* W3C, IE10+, FF16+, Chrome26+, Opera12+, Safari7+ *\/||filter: progid:DXImageTransform.Microsoft.gradient( startColorstr=&#8217;#f6f8f9&#8242;, endColorstr=&#8217;#f5f7f9&#8242;,GradientType=1 ); \/* IE6-9 fallback on horizontal gradient *\/||&#8221;][et_pb_fullwidth_header title=&#8221;Interkulturell Tr\u00e4ning \/ Interkulturell kompetens&#8221; text_orientation=&#8221;center&#8221; button_one_url=&#8221;https:\/\/suzanne-forsstroem.de\/wp-content\/uploads\/trainerprofil-okt-2018.pdf&#8221; button_two_url=&#8221;http:\/\/www.mediummagazin.de\/project\/suzanne-forsstroem\/&#8221; admin_label=&#8221;Interkulturelles Training\/Coaching<br \/>\n&#8221; _builder_version=&#8221;4.9.4&#8243; _module_preset=&#8221;default&#8221; title_text_color=&#8221;#015896&#8243; subhead_text_align=&#8221;center&#8221; subhead_text_color=&#8221;#000000&#8243; background_enable_color=&#8221;off&#8221; background_layout=&#8221;light&#8221; custom_margin=&#8221;0px||0px||true|false&#8221; custom_padding=&#8221;1%||1%||true|false&#8221; link_option_url_new_window=&#8221;on&#8221; hover_enabled=&#8221;0&#8243; sticky_enabled=&#8221;0&#8243;]<\/p>\n<p style=\"text-align: center;\">Med mitt arbete vill jag skapa f\u00f6rbindelser och v\u00e4cka intresse f\u00f6r varandra. Eftersom f\u00e4rggrann m\u00e5ngfald berikar. M\u00e5let \u00e4r att tillsammans uppt\u00e4cka nya perspektiv och hitta individuella l\u00f6sningar.<\/p>\n<p>[\/et_pb_fullwidth_header][\/et_pb_section][et_pb_section fb_built=&#8221;1&#8243; specialty=&#8221;on&#8221; _builder_version=&#8221;4.9.0&#8243; _module_preset=&#8221;default&#8221; locked=&#8221;off&#8221;][et_pb_column type=&#8221;1_4&#8243; _builder_version=&#8221;3.25&#8243; custom_padding=&#8221;|||&#8221; custom_padding__hover=&#8221;|||&#8221;][et_pb_menu menu_id=&#8221;23&#8243; _builder_version=&#8221;4.9.0&#8243; _module_preset=&#8221;default&#8221;][\/et_pb_menu][\/et_pb_column][et_pb_column type=&#8221;1_2&#8243; specialty_columns=&#8221;2&#8243; _builder_version=&#8221;3.25&#8243; custom_padding=&#8221;|||&#8221; custom_padding__hover=&#8221;|||&#8221;][et_pb_row_inner column_structure=&#8221;1_2,1_2&#8243; _builder_version=&#8221;4.9.4&#8243; _module_preset=&#8221;default&#8221; custom_padding=&#8221;||0px||false|false&#8221;][et_pb_column_inner type=&#8221;1_2&#8243; saved_specialty_column_type=&#8221;1_2&#8243; _builder_version=&#8221;4.9.0&#8243; _module_preset=&#8221;default&#8221;][et_pb_image src=&#8221;https:\/\/suzanne-forsstroem.de\/wp-content\/uploads\/weltkarte-fahnen_low.jpg&#8221; title_text=&#8221;weltkarte-fahnen_low&#8221; _builder_version=&#8221;4.9.4&#8243; _module_preset=&#8221;default&#8221;][\/et_pb_image][\/et_pb_column_inner][et_pb_column_inner type=&#8221;1_2&#8243; saved_specialty_column_type=&#8221;1_2&#8243; _builder_version=&#8221;4.9.0&#8243; _module_preset=&#8221;default&#8221;][et_pb_text admin_label=&#8221;Fit f\u00fcr die Ferne&#8221; _builder_version=&#8221;4.9.4&#8243; _module_preset=&#8221;default&#8221;]<\/p>\n<div class=\"mediabox\">\n<p><strong>Redo f\u00f6r utlandet<\/strong><\/p>\n<p>Ovanlig kommunikation, konstigt beteende, andra uppfattningar, stereotypt t\u00e4nkande, olika v\u00e4rderingar och fr\u00e4mmande vanor \u00e4r faktorer som kan st\u00f6ra eller till och med f\u00f6rhindra m\u00f6ten mellan tv\u00e5 eller flera kulturer. Men kulturella skillnader beh\u00f6ver inte leda till missf\u00f6rst\u00e5nd, sp\u00e4nningar och konflikter. I min interkulturella tr\u00e4ning f\u00f6rmedlar jag dig kompetens att kunna agera s\u00e5 som du \u00f6nskar, \u00e4ven under press. Med interkulturell sensibilisering och handlingskompetens kan du hantera utmaningar i fr\u00e4mmande kulturer p\u00e5 ett s\u00e4kert och konstruktivt s\u00e4tt.<\/p>\n<\/div>\n<p>[\/et_pb_text][\/et_pb_column_inner][\/et_pb_row_inner][et_pb_row_inner column_structure=&#8221;1_2,1_2&#8243; _builder_version=&#8221;4.9.4&#8243; _module_preset=&#8221;default&#8221; custom_padding=&#8221;||||false|false&#8221;][et_pb_column_inner type=&#8221;1_2&#8243; saved_specialty_column_type=&#8221;1_2&#8243; _builder_version=&#8221;4.9.0&#8243; _module_preset=&#8221;default&#8221;][et_pb_text admin_label=&#8221;Trainingsziel\/Methode&#8221; module_class=&#8221;one-half&#8221; _builder_version=&#8221;4.9.4&#8243; _module_preset=&#8221;default&#8221;]<\/p>\n<h4>Tr\u00e4ningsm\u00e5l<\/h4>\n<ul>\n<li>interkulturell sensibilisering och handlingskompetens f\u00f6r m\u00f6ten med\u00a0 fr\u00e4mmande kulturer i yrkeslivet, vardagen och privatlivet<\/li>\n<\/ul>\n<ul>\n<li>identifiera, st\u00e4rka och anv\u00e4nda individuella, yrkes-, sociala och strategiska\u00a0 kompetenser<\/li>\n<\/ul>\n<h4>Tr\u00e4ningsmetoder<\/h4>\n<ul>\n<li>korta f\u00f6redrag<\/li>\n<li>individuella uppgifter och grupparbete<\/li>\n<li>informativa, kreativa och praktiska \u00f6vningar<\/li>\n<li>\u201etesta dig sj\u00e4lv\u201c<\/li>\n<li>rollspel<\/li>\n<li>fallstudier<\/li>\n<\/ul>\n<p>[\/et_pb_text][\/et_pb_column_inner][et_pb_column_inner type=&#8221;1_2&#8243; saved_specialty_column_type=&#8221;1_2&#8243; _builder_version=&#8221;4.9.0&#8243; _module_preset=&#8221;default&#8221;][et_pb_text admin_label=&#8221;Inhalte&#8221; module_class=&#8221;one-half&#8221; _builder_version=&#8221;4.9.4&#8243; _module_preset=&#8221;default&#8221;]<\/p>\n<h4>Tr\u00e4nings\u00e4mnen<\/h4>\n<ul>\n<li>reflektion av den egna kulturen i m\u00f6tet med fr\u00e4mmande kulturer<\/li>\n<li>kulturen och dess betydelse f\u00f6r t\u00e4nk- och handlingsm\u00f6nster<\/li>\n<li>kulturstandard, kulturdimensioner<\/li>\n<li>v\u00e4rdering och tolkning<\/li>\n<li>hantering av stereotyper och f\u00f6rdomar<\/li>\n<li>interkulturell kommunikation och dess fallgropar<\/li>\n<li>hantering av olika arbets- och ledarskapsstilar<\/li>\n<li>olika konfliktstrategier<\/li>\n<\/ul>\n<p>[\/et_pb_text][\/et_pb_column_inner][\/et_pb_row_inner][\/et_pb_column][et_pb_column type=&#8221;1_4&#8243; _builder_version=&#8221;3.25&#8243; custom_padding=&#8221;|||&#8221; custom_padding__hover=&#8221;|||&#8221;][et_pb_sidebar _builder_version=&#8221;4.7.6&#8243; _module_preset=&#8221;default&#8221;][\/et_pb_sidebar][\/et_pb_column][\/et_pb_section][et_pb_section fb_built=&#8221;1&#8243; admin_label=&#8221;Footer Sektion&#8221; _builder_version=&#8221;4.7.6&#8243; _module_preset=&#8221;default&#8221;][et_pb_row _builder_version=&#8221;4.7.6&#8243; _module_preset=&#8221;default&#8221;][et_pb_column type=&#8221;4_4&#8243; _builder_version=&#8221;4.7.6&#8243; _module_preset=&#8221;default&#8221;][et_pb_text admin_label=&#8221;Referenzen (Auswahl) \u00dcberschrift&#8221; _builder_version=&#8221;4.9.0&#8243; _module_preset=&#8221;default&#8221;]<\/p>\n<h3 style=\"text-align: center;\">Referenser<\/h3>\n<p>[\/et_pb_text][\/et_pb_column][\/et_pb_row][et_pb_row column_structure=&#8221;1_6,1_6,1_6,1_6,1_6,1_6&#8243; admin_label=&#8221;Footer Zeile mit 12 Logos\/Links&#8221; _builder_version=&#8221;4.7.6&#8243; _module_preset=&#8221;default&#8221; custom_margin=&#8221;||||true|false&#8221; custom_padding=&#8221;0px||0px||true|false&#8221;][et_pb_column type=&#8221;1_6&#8243; _builder_version=&#8221;4.7.6&#8243; _module_preset=&#8221;default&#8221;][et_pb_blurb url_new_window=&#8221;on&#8221; image=&#8221;https:\/\/suzanne-forsstroem.de\/wp-content\/uploads\/schwed_botsch.jpg&#8221; admin_label=&#8221;schwed botsch&#8221; _builder_version=&#8221;4.7.6&#8243; _module_preset=&#8221;default&#8221; custom_margin=&#8221;||10px||false|false&#8221; link_option_url_new_window=&#8221;on&#8221;][\/et_pb_blurb][et_pb_blurb url_new_window=&#8221;on&#8221; image=&#8221;https:\/\/suzanne-forsstroem.de\/wp-content\/uploads\/kern.jpg&#8221; admin_label=&#8221;kern&#8221; _builder_version=&#8221;4.7.6&#8243; _module_preset=&#8221;default&#8221; custom_margin=&#8221;||10px||false|false&#8221; link_option_url_new_window=&#8221;on&#8221;][\/et_pb_blurb][\/et_pb_column][et_pb_column type=&#8221;1_6&#8243; _builder_version=&#8221;4.7.6&#8243; _module_preset=&#8221;default&#8221;][et_pb_blurb url_new_window=&#8221;on&#8221; image=&#8221;https:\/\/suzanne-forsstroem.de\/wp-content\/uploads\/vw.png&#8221; admin_label=&#8221;vw&#8221; _builder_version=&#8221;4.7.6&#8243; _module_preset=&#8221;default&#8221; custom_margin=&#8221;||10px||false|false&#8221; link_option_url_new_window=&#8221;on&#8221;][\/et_pb_blurb][et_pb_blurb url_new_window=&#8221;on&#8221; image=&#8221;https:\/\/suzanne-forsstroem.de\/wp-content\/uploads\/mil.png&#8221; admin_label=&#8221;mil&#8221; _builder_version=&#8221;4.7.6&#8243; _module_preset=&#8221;default&#8221; custom_margin=&#8221;||10px||false|false&#8221; link_option_url_new_window=&#8221;on&#8221;][\/et_pb_blurb][\/et_pb_column][et_pb_column type=&#8221;1_6&#8243; _builder_version=&#8221;4.7.6&#8243; _module_preset=&#8221;default&#8221;][et_pb_blurb url_new_window=&#8221;on&#8221; image=&#8221;https:\/\/suzanne-forsstroem.de\/wp-content\/uploads\/man.png&#8221; admin_label=&#8221;man&#8221; _builder_version=&#8221;4.7.6&#8243; _module_preset=&#8221;default&#8221; custom_margin=&#8221;||10px||false|false&#8221; link_option_url_new_window=&#8221;on&#8221;][\/et_pb_blurb][et_pb_blurb url_new_window=&#8221;on&#8221; image=&#8221;https:\/\/suzanne-forsstroem.de\/wp-content\/uploads\/lekebergs.png&#8221; admin_label=&#8221;lekebergs&#8221; _builder_version=&#8221;4.7.6&#8243; _module_preset=&#8221;default&#8221; custom_margin=&#8221;||10px||false|false&#8221; link_option_url_new_window=&#8221;on&#8221;][\/et_pb_blurb][\/et_pb_column][et_pb_column type=&#8221;1_6&#8243; _builder_version=&#8221;4.7.6&#8243; _module_preset=&#8221;default&#8221;][et_pb_blurb url_new_window=&#8221;on&#8221; image=&#8221;https:\/\/suzanne-forsstroem.de\/wp-content\/uploads\/uni_jena.jpg&#8221; admin_label=&#8221;uni jena&#8221; _builder_version=&#8221;4.7.6&#8243; _module_preset=&#8221;default&#8221; custom_margin=&#8221;||10px||false|false&#8221; link_option_url_new_window=&#8221;on&#8221;][\/et_pb_blurb][et_pb_blurb url_new_window=&#8221;on&#8221; image=&#8221;https:\/\/suzanne-forsstroem.de\/wp-content\/uploads\/dartcenter.jpg&#8221; admin_label=&#8221;dart center&#8221; _builder_version=&#8221;4.7.6&#8243; _module_preset=&#8221;default&#8221; custom_margin=&#8221;||10px||false|false&#8221; link_option_url_new_window=&#8221;on&#8221;][\/et_pb_blurb][\/et_pb_column][et_pb_column type=&#8221;1_6&#8243; _builder_version=&#8221;4.7.6&#8243; _module_preset=&#8221;default&#8221;][et_pb_blurb url_new_window=&#8221;on&#8221; image=&#8221;https:\/\/suzanne-forsstroem.de\/wp-content\/uploads\/steinbeis.png&#8221; admin_label=&#8221;steinbeis&#8221; _builder_version=&#8221;4.7.6&#8243; _module_preset=&#8221;default&#8221; custom_margin=&#8221;||10px||false|false&#8221; link_option_url_new_window=&#8221;on&#8221;][\/et_pb_blurb][et_pb_blurb url_new_window=&#8221;on&#8221; image=&#8221;https:\/\/suzanne-forsstroem.de\/wp-content\/uploads\/ifi.jpg&#8221; admin_label=&#8221;ifi&#8221; _builder_version=&#8221;4.7.6&#8243; _module_preset=&#8221;default&#8221; custom_margin=&#8221;||10px||false|false&#8221; link_option_url_new_window=&#8221;on&#8221;][\/et_pb_blurb][\/et_pb_column][et_pb_column type=&#8221;1_6&#8243; _builder_version=&#8221;4.7.6&#8243; _module_preset=&#8221;default&#8221;][et_pb_blurb url_new_window=&#8221;on&#8221; image=&#8221;https:\/\/suzanne-forsstroem.de\/wp-content\/uploads\/visit_schweden.png&#8221; admin_label=&#8221;visit schw&#8221; _builder_version=&#8221;4.7.6&#8243; _module_preset=&#8221;default&#8221; custom_margin=&#8221;||10px||false|false&#8221; link_option_url_new_window=&#8221;on&#8221;][\/et_pb_blurb][et_pb_blurb url_new_window=&#8221;on&#8221; image=&#8221;https:\/\/suzanne-forsstroem.de\/wp-content\/uploads\/avrami.jpg&#8221; admin_label=&#8221;avrami&#8221; _builder_version=&#8221;4.7.6&#8243; _module_preset=&#8221;default&#8221; custom_margin=&#8221;||10px||false|false&#8221; link_option_url_new_window=&#8221;on&#8221;][\/et_pb_blurb][\/et_pb_column][\/et_pb_row][\/et_pb_section]<\/p>\n","protected":false},"excerpt":{"rendered":"<p>Med mitt arbete vill jag skapa f\u00f6rbindelser och v\u00e4cka intresse f\u00f6r varandra. Eftersom f\u00e4rggrann m\u00e5ngfald berikar. M\u00e5let \u00e4r att tillsammans uppt\u00e4cka nya perspektiv och hitta individuella l\u00f6sningar. Redo f\u00f6r utlandet Ovanlig kommunikation, konstigt beteende, andra uppfattningar, stereotypt t\u00e4nkande, olika v\u00e4rderingar och fr\u00e4mmande vanor \u00e4r faktorer som kan st\u00f6ra eller till och med f\u00f6rhindra m\u00f6ten mellan [&hellip;]<\/p>\n","protected":false},"author":4,"featured_media":0,"parent":5946,"menu_order":6,"comment_status":"closed","ping_status":"closed","template":"","meta":{"_et_pb_use_builder":"on","_et_pb_old_content":"","_et_gb_content_width":"","footnotes":""},"class_list":["post-6008","page","type-page","status-publish","hentry"],"_links":{"self":[{"href":"https:\/\/suzanne-forsstroem.de\/sv\/wp-json\/wp\/v2\/pages\/6008","targetHints":{"allow":["GET"]}}],"collection":[{"href":"https:\/\/suzanne-forsstroem.de\/sv\/wp-json\/wp\/v2\/pages"}],"about":[{"href":"https:\/\/suzanne-forsstroem.de\/sv\/wp-json\/wp\/v2\/types\/page"}],"author":[{"embeddable":true,"href":"https:\/\/suzanne-forsstroem.de\/sv\/wp-json\/wp\/v2\/users\/4"}],"replies":[{"embeddable":true,"href":"https:\/\/suzanne-forsstroem.de\/sv\/wp-json\/wp\/v2\/comments?post=6008"}],"version-history":[{"count":0,"href":"https:\/\/suzanne-forsstroem.de\/sv\/wp-json\/wp\/v2\/pages\/6008\/revisions"}],"up":[{"embeddable":true,"href":"https:\/\/suzanne-forsstroem.de\/sv\/wp-json\/wp\/v2\/pages\/5946"}],"wp:attachment":[{"href":"https:\/\/suzanne-forsstroem.de\/sv\/wp-json\/wp\/v2\/media?parent=6008"}],"curies":[{"name":"wp","href":"https:\/\/api.w.org\/{rel}","templated":true}]}}