{"id":5946,"date":"2021-02-12T01:13:06","date_gmt":"2021-02-12T00:13:06","guid":{"rendered":"https:\/\/suzanne-forsstroem.de\/interkulturell-traening-coachning-2\/"},"modified":"2021-10-23T14:53:34","modified_gmt":"2021-10-23T12:53:34","slug":"interkulturell-traening-coachning","status":"publish","type":"page","link":"https:\/\/suzanne-forsstroem.de\/sv\/interkulturell-traening-coachning\/","title":{"rendered":"Interkulturell Tr\u00e4ning \/ Coachning Sverige &#8211; Tyskland"},"content":{"rendered":"<p>[et_pb_section fb_built=&#8221;1&#8243; fullwidth=&#8221;on&#8221; module_class=&#8221;header-bg&#8221; _builder_version=&#8221;4.7.6&#8243; _module_preset=&#8221;default&#8221; background_enable_color=&#8221;off&#8221; background_color_gradient_direction=&#8221;45deg&#8221; background_enable_image=&#8221;off&#8221; custom_margin=&#8221;0px||0px||true|false&#8221; custom_padding=&#8221;||||true|false&#8221; custom_css_main_element=&#8221;\/* Permalink &#8211; use to edit and share this gradient: https:\/\/colorzilla.com\/gradient-editor\/#f6f8f9+0,e5ebee+50,d7dee3+51,f5f7f9+100;White+Gloss *\/||background: #f6f8f9; \/* Old browsers *\/||background: -moz-linear-gradient(-45deg,  #f6f8f9 0%, #e5ebee 50%, #d7dee3 51%, #f5f7f9 100%); \/* FF3.6-15 *\/||background: -webkit-linear-gradient(-45deg,  #f6f8f9 0%,#e5ebee 50%,#d7dee3 51%,#f5f7f9 100%); \/* Chrome10-25,Safari5.1-6 *\/||background: linear-gradient(135deg,  #f6f8f9 0%,#e5ebee 50%,#d7dee3 51%,#f5f7f9 100%); \/* W3C, IE10+, FF16+, Chrome26+, Opera12+, Safari7+ *\/||filter: progid:DXImageTransform.Microsoft.gradient( startColorstr=&#8217;#f6f8f9&#8242;, endColorstr=&#8217;#f5f7f9&#8242;,GradientType=1 ); \/* IE6-9 fallback on horizontal gradient *\/||&#8221; global_colors_info=&#8221;{}&#8221;][et_pb_fullwidth_header title=&#8221;Interkulturell Tr\u00e4ning \/ Coachning Sverige &#8211; Tyskland&#8221; text_orientation=&#8221;center&#8221; button_one_url=&#8221;https:\/\/suzanne-forsstroem.de\/wp-content\/uploads\/trainerprofil-okt-2018.pdf&#8221; button_two_url=&#8221;http:\/\/www.mediummagazin.de\/project\/suzanne-forsstroem\/&#8221; admin_label=&#8221;Interkulturelles Training\/Coaching<br \/>\n&#8221; _builder_version=&#8221;4.9.4&#8243; _module_preset=&#8221;default&#8221; title_text_color=&#8221;#015896&#8243; subhead_text_align=&#8221;center&#8221; subhead_text_color=&#8221;#000000&#8243; background_enable_color=&#8221;off&#8221; background_layout=&#8221;light&#8221; custom_margin=&#8221;0px||0px||true|false&#8221; custom_padding=&#8221;1%||1%||true|false&#8221; link_option_url_new_window=&#8221;on&#8221; global_colors_info=&#8221;{}&#8221;]<\/p>\n<p style=\"text-align: center;\">Med mitt arbete vill jag v\u00e4cka intresse f\u00f6r tysk och svensk kultur. Mitt m\u00e5l: att uppt\u00e4cka nya perspektiv och hitta individuella l\u00f6sningar.<\/p>\n<p>[\/et_pb_fullwidth_header][\/et_pb_section][et_pb_section fb_built=&#8221;1&#8243; specialty=&#8221;on&#8221; _builder_version=&#8221;4.9.0&#8243; _module_preset=&#8221;default&#8221; global_colors_info=&#8221;{}&#8221;][et_pb_column type=&#8221;1_4&#8243; _builder_version=&#8221;3.25&#8243; custom_padding=&#8221;|||&#8221; global_colors_info=&#8221;{}&#8221; custom_padding__hover=&#8221;|||&#8221;][et_pb_menu menu_id=&#8221;23&#8243; _builder_version=&#8221;4.9.0&#8243; _module_preset=&#8221;default&#8221; global_colors_info=&#8221;{}&#8221;][\/et_pb_menu][\/et_pb_column][et_pb_column type=&#8221;1_2&#8243; specialty_columns=&#8221;2&#8243; _builder_version=&#8221;3.25&#8243; custom_padding=&#8221;|||&#8221; global_colors_info=&#8221;{}&#8221; custom_padding__hover=&#8221;|||&#8221;][et_pb_row_inner _builder_version=&#8221;4.9.0&#8243; _module_preset=&#8221;default&#8221; global_colors_info=&#8221;{}&#8221;][et_pb_column_inner saved_specialty_column_type=&#8221;1_2&#8243; _builder_version=&#8221;4.9.0&#8243; _module_preset=&#8221;default&#8221; global_colors_info=&#8221;{}&#8221;][et_pb_text module_class=&#8221;table-big-image&#8221; _builder_version=&#8221;4.11.3&#8243; _module_preset=&#8221;default&#8221; hover_enabled=&#8221;0&#8243; global_colors_info=&#8221;{}&#8221; sticky_enabled=&#8221;0&#8243;]<\/p>\n<table>\n<tbody>\n<tr>\n<td style=\"text-align: center;\" valign=\"top\"><img loading=\"lazy\" decoding=\"async\" class=\"wp-image-3030 aligncenter\" src=\"\/wp-content\/uploads\/2-copyright-Forsstroem-scaled-e1610798419968.jpg\" alt=\"\" width=\"324\" height=\"151\" \/><a href=\"https:\/\/suzanne-forsstroem.de\/sv\/interkulturell-traening-coachning\/interkulturell-traening-sverige\/\">Interkulturell tr\u00e4ning &#8211; Sverige<\/a><a href=\"https:\/\/suzanne-forsstroem.de\/sv\/interkulturell-traening-coachning\/interkulturell-traening-tyskland\/\">Interkulturell tr\u00e4ning &#8211; Tyskland<\/a><\/td>\n<td style=\"text-align: center;\" valign=\"top\"><img loading=\"lazy\" decoding=\"async\" class=\"wp-image-3033 aligncenter\" style=\"height: 151px; width: auto;\" src=\"\/wp-content\/uploads\/weltkugel-fahnen-300x260.jpg\" alt=\"\" width=\"174\" height=\"151\" \/><a href=\"https:\/\/suzanne-forsstroem.de\/sv\/interkulturell-traening-coachning\/interkulturell-kompetens\/\">Interkulturell Kompetens<\/a><\/td>\n<\/tr>\n<tr>\n<td><\/td>\n<td><\/td>\n<\/tr>\n<tr>\n<td style=\"text-align: center;\"><img loading=\"lazy\" decoding=\"async\" class=\"wp-image-3032 aligncenter\" src=\"\/wp-content\/uploads\/trainingtools1.jpg\" alt=\"\" width=\"325\" height=\"151\" srcset=\"https:\/\/suzanne-forsstroem.de\/wp-content\/uploads\/trainingtools1.jpg 390w, https:\/\/suzanne-forsstroem.de\/wp-content\/uploads\/trainingtools1-300x139.jpg 300w\" sizes=\"(max-width: 325px) 100vw, 325px\" \/><a href=\"https:\/\/suzanne-forsstroem.de\/sv\/interkulturell-traening-coachning\/traeningsmetoder\/\">Tr\u00e4ningsmetoder<\/a><\/td>\n<td style=\"text-align: center;\" valign=\"bottom\"><img loading=\"lazy\" decoding=\"async\" class=\"aligncenter wp-image-2632\" src=\"\/wp-content\/uploads\/\/offene-seminare-300x232.jpg\" alt=\"\u00d6ppna kurser\" width=\"195\" height=\"151\" srcset=\"https:\/\/suzanne-forsstroem.de\/wp-content\/uploads\/offene-seminare-300x232.jpg 300w, https:\/\/suzanne-forsstroem.de\/wp-content\/uploads\/offene-seminare-768x593.jpg 768w, https:\/\/suzanne-forsstroem.de\/wp-content\/uploads\/offene-seminare-480x371.jpg 480w, https:\/\/suzanne-forsstroem.de\/wp-content\/uploads\/offene-seminare.jpg 787w\" sizes=\"(max-width: 195px) 100vw, 195px\" \/><a href=\"https:\/\/suzanne-forsstroem.de\/sv\/interkulturell-traening-coachning\/oeppna-kurser\/\">\u00d6ppna kurser<\/a><a href=\"https:\/\/suzanne-forsstroem.de\/sv\/interkulturell-traening-coachning\/publikationer-intervjuer\/\">Publikationer och intervju<\/a><a href=\"https:\/\/suzanne-forsstroem.de\/sv\/foeredrag\/\">F\u00f6redrag<\/a><\/td>\n<\/tr>\n<\/tbody>\n<\/table>\n<p>[\/et_pb_text][\/et_pb_column_inner][\/et_pb_row_inner][\/et_pb_column][et_pb_column type=&#8221;1_4&#8243; _builder_version=&#8221;3.25&#8243; custom_padding=&#8221;|||&#8221; global_colors_info=&#8221;{}&#8221; custom_padding__hover=&#8221;|||&#8221;][et_pb_sidebar _builder_version=&#8221;4.7.6&#8243; _module_preset=&#8221;default&#8221; global_colors_info=&#8221;{}&#8221;][\/et_pb_sidebar][\/et_pb_column][\/et_pb_section][et_pb_section fb_built=&#8221;1&#8243; admin_label=&#8221;Footer Sektion&#8221; _builder_version=&#8221;4.7.6&#8243; _module_preset=&#8221;default&#8221; global_colors_info=&#8221;{}&#8221;][et_pb_row _builder_version=&#8221;4.7.6&#8243; _module_preset=&#8221;default&#8221; global_colors_info=&#8221;{}&#8221;][et_pb_column type=&#8221;4_4&#8243; _builder_version=&#8221;4.7.6&#8243; _module_preset=&#8221;default&#8221; global_colors_info=&#8221;{}&#8221;][et_pb_text admin_label=&#8221;Referenzen (Auswahl) \u00dcberschrift&#8221; _builder_version=&#8221;4.9.0&#8243; _module_preset=&#8221;default&#8221; global_colors_info=&#8221;{}&#8221;]<\/p>\n<h3 style=\"text-align: center;\">Referenser<\/h3>\n<p>[\/et_pb_text][\/et_pb_column][\/et_pb_row][et_pb_row column_structure=&#8221;1_6,1_6,1_6,1_6,1_6,1_6&#8243; admin_label=&#8221;Footer Zeile mit 12 Logos\/Links&#8221; _builder_version=&#8221;4.7.6&#8243; _module_preset=&#8221;default&#8221; custom_margin=&#8221;||||true|false&#8221; custom_padding=&#8221;0px||0px||true|false&#8221; global_colors_info=&#8221;{}&#8221;][et_pb_column type=&#8221;1_6&#8243; _builder_version=&#8221;4.7.6&#8243; _module_preset=&#8221;default&#8221; global_colors_info=&#8221;{}&#8221;][et_pb_blurb url_new_window=&#8221;on&#8221; image=&#8221;https:\/\/suzanne-forsstroem.de\/wp-content\/uploads\/schwed_botsch.jpg&#8221; admin_label=&#8221;schwed botsch&#8221; _builder_version=&#8221;4.7.6&#8243; _module_preset=&#8221;default&#8221; custom_margin=&#8221;||10px||false|false&#8221; link_option_url_new_window=&#8221;on&#8221; global_colors_info=&#8221;{}&#8221;][\/et_pb_blurb][et_pb_blurb url_new_window=&#8221;on&#8221; image=&#8221;https:\/\/suzanne-forsstroem.de\/wp-content\/uploads\/kern.jpg&#8221; admin_label=&#8221;kern&#8221; _builder_version=&#8221;4.7.6&#8243; _module_preset=&#8221;default&#8221; custom_margin=&#8221;||10px||false|false&#8221; link_option_url_new_window=&#8221;on&#8221; global_colors_info=&#8221;{}&#8221;][\/et_pb_blurb][\/et_pb_column][et_pb_column type=&#8221;1_6&#8243; _builder_version=&#8221;4.7.6&#8243; _module_preset=&#8221;default&#8221; global_colors_info=&#8221;{}&#8221;][et_pb_blurb url_new_window=&#8221;on&#8221; image=&#8221;https:\/\/suzanne-forsstroem.de\/wp-content\/uploads\/vw.png&#8221; admin_label=&#8221;vw&#8221; _builder_version=&#8221;4.7.6&#8243; _module_preset=&#8221;default&#8221; custom_margin=&#8221;||10px||false|false&#8221; link_option_url_new_window=&#8221;on&#8221; global_colors_info=&#8221;{}&#8221;][\/et_pb_blurb][et_pb_blurb url_new_window=&#8221;on&#8221; image=&#8221;https:\/\/suzanne-forsstroem.de\/wp-content\/uploads\/mil.png&#8221; admin_label=&#8221;mil&#8221; _builder_version=&#8221;4.7.6&#8243; _module_preset=&#8221;default&#8221; custom_margin=&#8221;||10px||false|false&#8221; link_option_url_new_window=&#8221;on&#8221; global_colors_info=&#8221;{}&#8221;][\/et_pb_blurb][\/et_pb_column][et_pb_column type=&#8221;1_6&#8243; _builder_version=&#8221;4.7.6&#8243; _module_preset=&#8221;default&#8221; global_colors_info=&#8221;{}&#8221;][et_pb_blurb url_new_window=&#8221;on&#8221; image=&#8221;https:\/\/suzanne-forsstroem.de\/wp-content\/uploads\/man.png&#8221; admin_label=&#8221;man&#8221; _builder_version=&#8221;4.7.6&#8243; _module_preset=&#8221;default&#8221; custom_margin=&#8221;||10px||false|false&#8221; link_option_url_new_window=&#8221;on&#8221; global_colors_info=&#8221;{}&#8221;][\/et_pb_blurb][et_pb_blurb url_new_window=&#8221;on&#8221; image=&#8221;https:\/\/suzanne-forsstroem.de\/wp-content\/uploads\/lekebergs.png&#8221; admin_label=&#8221;lekebergs&#8221; _builder_version=&#8221;4.7.6&#8243; _module_preset=&#8221;default&#8221; custom_margin=&#8221;||10px||false|false&#8221; link_option_url_new_window=&#8221;on&#8221; global_colors_info=&#8221;{}&#8221;][\/et_pb_blurb][\/et_pb_column][et_pb_column type=&#8221;1_6&#8243; _builder_version=&#8221;4.7.6&#8243; _module_preset=&#8221;default&#8221; global_colors_info=&#8221;{}&#8221;][et_pb_blurb url_new_window=&#8221;on&#8221; image=&#8221;https:\/\/suzanne-forsstroem.de\/wp-content\/uploads\/uni_jena.jpg&#8221; admin_label=&#8221;uni jena&#8221; _builder_version=&#8221;4.7.6&#8243; _module_preset=&#8221;default&#8221; custom_margin=&#8221;||10px||false|false&#8221; link_option_url_new_window=&#8221;on&#8221; global_colors_info=&#8221;{}&#8221;][\/et_pb_blurb][et_pb_blurb url_new_window=&#8221;on&#8221; image=&#8221;https:\/\/suzanne-forsstroem.de\/wp-content\/uploads\/dartcenter.jpg&#8221; admin_label=&#8221;dart center&#8221; _builder_version=&#8221;4.7.6&#8243; _module_preset=&#8221;default&#8221; custom_margin=&#8221;||10px||false|false&#8221; link_option_url_new_window=&#8221;on&#8221; global_colors_info=&#8221;{}&#8221;][\/et_pb_blurb][\/et_pb_column][et_pb_column type=&#8221;1_6&#8243; _builder_version=&#8221;4.7.6&#8243; _module_preset=&#8221;default&#8221; global_colors_info=&#8221;{}&#8221;][et_pb_blurb url_new_window=&#8221;on&#8221; image=&#8221;https:\/\/suzanne-forsstroem.de\/wp-content\/uploads\/steinbeis.png&#8221; admin_label=&#8221;steinbeis&#8221; _builder_version=&#8221;4.7.6&#8243; _module_preset=&#8221;default&#8221; custom_margin=&#8221;||10px||false|false&#8221; link_option_url_new_window=&#8221;on&#8221; global_colors_info=&#8221;{}&#8221;][\/et_pb_blurb][et_pb_blurb url_new_window=&#8221;on&#8221; image=&#8221;https:\/\/suzanne-forsstroem.de\/wp-content\/uploads\/ifi.jpg&#8221; admin_label=&#8221;ifi&#8221; _builder_version=&#8221;4.7.6&#8243; _module_preset=&#8221;default&#8221; custom_margin=&#8221;||10px||false|false&#8221; link_option_url_new_window=&#8221;on&#8221; global_colors_info=&#8221;{}&#8221;][\/et_pb_blurb][\/et_pb_column][et_pb_column type=&#8221;1_6&#8243; _builder_version=&#8221;4.7.6&#8243; _module_preset=&#8221;default&#8221; global_colors_info=&#8221;{}&#8221;][et_pb_blurb url_new_window=&#8221;on&#8221; image=&#8221;https:\/\/suzanne-forsstroem.de\/wp-content\/uploads\/visit_schweden.png&#8221; admin_label=&#8221;visit schw&#8221; _builder_version=&#8221;4.7.6&#8243; _module_preset=&#8221;default&#8221; custom_margin=&#8221;||10px||false|false&#8221; link_option_url_new_window=&#8221;on&#8221; global_colors_info=&#8221;{}&#8221;][\/et_pb_blurb][et_pb_blurb url_new_window=&#8221;on&#8221; image=&#8221;https:\/\/suzanne-forsstroem.de\/wp-content\/uploads\/avrami.jpg&#8221; admin_label=&#8221;avrami&#8221; _builder_version=&#8221;4.7.6&#8243; _module_preset=&#8221;default&#8221; custom_margin=&#8221;||10px||false|false&#8221; link_option_url_new_window=&#8221;on&#8221; global_colors_info=&#8221;{}&#8221;][\/et_pb_blurb][\/et_pb_column][\/et_pb_row][\/et_pb_section]<\/p>\n","protected":false},"excerpt":{"rendered":"<p>Med mitt arbete vill jag v\u00e4cka intresse f\u00f6r tysk och svensk kultur. Mitt m\u00e5l: att uppt\u00e4cka nya perspektiv och hitta individuella l\u00f6sningar. Interkulturell tr\u00e4ning &#8211; SverigeInterkulturell tr\u00e4ning &#8211; Tyskland Interkulturell Kompetens Tr\u00e4ningsmetoder \u00d6ppna kurserPublikationer och intervjuF\u00f6redrag Referenser<\/p>\n","protected":false},"author":4,"featured_media":0,"parent":0,"menu_order":3,"comment_status":"closed","ping_status":"closed","template":"","meta":{"_et_pb_use_builder":"on","_et_pb_old_content":"","_et_gb_content_width":"","footnotes":""},"class_list":["post-5946","page","type-page","status-publish","hentry"],"_links":{"self":[{"href":"https:\/\/suzanne-forsstroem.de\/sv\/wp-json\/wp\/v2\/pages\/5946","targetHints":{"allow":["GET"]}}],"collection":[{"href":"https:\/\/suzanne-forsstroem.de\/sv\/wp-json\/wp\/v2\/pages"}],"about":[{"href":"https:\/\/suzanne-forsstroem.de\/sv\/wp-json\/wp\/v2\/types\/page"}],"author":[{"embeddable":true,"href":"https:\/\/suzanne-forsstroem.de\/sv\/wp-json\/wp\/v2\/users\/4"}],"replies":[{"embeddable":true,"href":"https:\/\/suzanne-forsstroem.de\/sv\/wp-json\/wp\/v2\/comments?post=5946"}],"version-history":[{"count":0,"href":"https:\/\/suzanne-forsstroem.de\/sv\/wp-json\/wp\/v2\/pages\/5946\/revisions"}],"wp:attachment":[{"href":"https:\/\/suzanne-forsstroem.de\/sv\/wp-json\/wp\/v2\/media?parent=5946"}],"curies":[{"name":"wp","href":"https:\/\/api.w.org\/{rel}","templated":true}]}}