{"id":4985,"date":"2021-01-17T12:55:51","date_gmt":"2021-01-17T11:55:51","guid":{"rendered":"https:\/\/suzanne-forsstroem.de\/suzannes-wort-reich\/"},"modified":"2026-03-27T10:17:22","modified_gmt":"2026-03-27T09:17:22","slug":"suzannes-wort-reich-2","status":"publish","type":"page","link":"https:\/\/suzanne-forsstroem.de\/sv\/suzannes-wort-reich-2\/","title":{"rendered":"Suzannes WORT Reich"},"content":{"rendered":"<p>[et_pb_section fb_built=&#8221;1&#8243; fullwidth=&#8221;on&#8221; module_class=&#8221;header-bg&#8221; _builder_version=&#8221;4.16&#8243; _module_preset=&#8221;default&#8221; background_enable_color=&#8221;off&#8221; background_color_gradient_direction=&#8221;45deg&#8221; background_enable_image=&#8221;off&#8221; custom_margin=&#8221;0px||0px||true|false&#8221; custom_padding=&#8221;||||true|false&#8221; custom_css_main_element=&#8221;\/* Permalink &#8211; use to edit and share this gradient: https:\/\/colorzilla.com\/gradient-editor\/#f6f8f9+0,e5ebee+50,d7dee3+51,f5f7f9+100;White+Gloss *\/||background: #f6f8f9; \/* Old browsers *\/||background: -moz-linear-gradient(-45deg, #f6f8f9 0%, #e5ebee 50%, #d7dee3 51%, #f5f7f9 100%); \/* FF3.6-15 *\/||background: -webkit-linear-gradient(-45deg, #f6f8f9 0%,#e5ebee 50%,#d7dee3 51%,#f5f7f9 100%); \/* Chrome10-25,Safari5.1-6 *\/||background: linear-gradient(135deg, #f6f8f9 0%,#e5ebee 50%,#d7dee3 51%,#f5f7f9 100%); \/* W3C, IE10+, FF16+, Chrome26+, Opera12+, Safari7+ *\/||filter: progid:DXImageTransform.Microsoft.gradient( startColorstr=&#8217;#f6f8f9&#8242;, endColorstr=&#8217;#f5f7f9&#8242;,GradientType=1 ); \/* IE6-9 fallback on horizontal gradient *\/||&#8221; global_colors_info=&#8221;{}&#8221;][et_pb_fullwidth_header title=&#8221;Suzannes WORT Reich&#8221; text_orientation=&#8221;center&#8221; button_one_url=&#8221;https:\/\/suzanne-forsstroem.de\/wp-content\/uploads\/trainerprofil-okt-2018.pdf&#8221; button_two_url=&#8221;http:\/\/www.mediummagazin.de\/project\/suzanne-forsstroem\/&#8221; admin_label=&#8221;Suzannes WORT Reich&#8221; _builder_version=&#8221;4.16&#8243; _module_preset=&#8221;default&#8221; title_text_color=&#8221;#015896&#8243; subhead_text_align=&#8221;center&#8221; subhead_text_color=&#8221;#000000&#8243; background_enable_color=&#8221;off&#8221; background_layout=&#8221;light&#8221; custom_margin=&#8221;0px||0px||true|false&#8221; custom_padding=&#8221;1%||1%||true|false&#8221; link_option_url_new_window=&#8221;on&#8221; global_colors_info=&#8221;{}&#8221;]<\/p>\n<p data-fontsize=\"20\" data-lineheight=\"30\"><img loading=\"lazy\" decoding=\"async\" class=\"wp-image-3302 size-full aligncenter\" src=\"https:\/\/suzanne-forsstroem.de\/wp-content\/uploads\/nordis.png\" alt=\"\" width=\"125\" height=\"65\" \/><\/p>\n<p class=\"vc_custom_heading\" style=\"text-align: center;\" data-fontsize=\"20\" data-lineheight=\"30\">Was bedeutet&#8230;? Begriffe aus Schweden, Norwegen, D\u00e4nemark<\/p>\n<p>[\/et_pb_fullwidth_header][\/et_pb_section][et_pb_section fb_built=&#8221;1&#8243; specialty=&#8221;on&#8221; module_class=&#8221;wpc-fw-menu&#8221; _builder_version=&#8221;4.16&#8243; _module_preset=&#8221;default&#8221; global_colors_info=&#8221;{}&#8221;][et_pb_column type=&#8221;3_4&#8243; specialty_columns=&#8221;3&#8243; _builder_version=&#8221;4.16&#8243; custom_padding=&#8221;|||&#8221; global_colors_info=&#8221;{}&#8221; custom_padding__hover=&#8221;|||&#8221;][\/et_pb_column][et_pb_column type=&#8221;1_4&#8243; _builder_version=&#8221;4.16&#8243; custom_padding=&#8221;|||&#8221; global_colors_info=&#8221;{}&#8221; custom_padding__hover=&#8221;|||&#8221;][\/et_pb_column][\/et_pb_section][et_pb_section fb_built=&#8221;1&#8243; theme_builder_area=&#8221;post_content&#8221; _builder_version=&#8221;4.27.6&#8243; _module_preset=&#8221;default&#8221;][et_pb_row column_structure=&#8221;1_3,1_3,1_3&#8243; make_equal=&#8221;on&#8221; module_class=&#8221;wpc-toggle-wrapper&#8221; _builder_version=&#8221;4.16&#8243; _module_preset=&#8221;default&#8221; background_color_gradient_direction=&#8221;0deg&#8221; global_colors_info=&#8221;{}&#8221; theme_builder_area=&#8221;post_content&#8221;][et_pb_column type=&#8221;1_3&#8243; _builder_version=&#8221;4.16&#8243; _module_preset=&#8221;default&#8221; background_enable_color=&#8221;off&#8221; use_background_color_gradient=&#8221;on&#8221; background_color_gradient_direction=&#8221;0deg&#8221; background_color_gradient_stops=&#8221;#FFFFFF 0%|#E7EFF7 100%&#8221; background_color_gradient_start=&#8221;#FFFFFF&#8221; background_color_gradient_end=&#8221;#E7EFF7&#8243; global_colors_info=&#8221;{}&#8221; theme_builder_area=&#8221;post_content&#8221;][et_pb_image src=&#8221;https:\/\/suzanne-forsstroem.de\/wp-content\/uploads\/schweden-flagge_1.png&#8221; title_text=&#8221;schweden-flagge_1&#8243; align=&#8221;center&#8221; admin_label=&#8221;Schweden Flagge&#8221; _builder_version=&#8221;4.16&#8243; _module_preset=&#8221;default&#8221; custom_margin=&#8221;||0px||false|false&#8221; global_colors_info=&#8221;{}&#8221; theme_builder_area=&#8221;post_content&#8221;][\/et_pb_image][et_pb_text admin_label=&#8221;Schwedisch&#8221; _builder_version=&#8221;4.27.5&#8243; _module_preset=&#8221;default&#8221; background_enable_color=&#8221;off&#8221; background_color_gradient_direction=&#8221;0deg&#8221; max_width=&#8221;420px&#8221; module_alignment=&#8221;center&#8221; custom_margin=&#8221;0px||||false|false&#8221; custom_padding=&#8221;20px|20px|0px|40px|false|false&#8221; global_colors_info=&#8221;{}&#8221; theme_builder_area=&#8221;post_content&#8221;]<\/p>\n<ul>\n<li><a href=\"https:\/\/suzanne-forsstroem.de\/wp-content\/uploads\/Kulning.pdf\" target=\"_blank\" rel=\"noopener noreferrer\">Kulning<\/a><\/li>\n<li><a href=\"https:\/\/suzanne-forsstroem.de\/wp-content\/uploads\/kontantplikt.pdf\" target=\"_blank\" rel=\"noopener noreferrer\">Kontantplikt<\/a><\/li>\n<li><a href=\"https:\/\/suzanne-forsstroem.de\/wp-content\/uploads\/Graeddfil.pdf\" target=\"_blank\" rel=\"noopener noreferrer\">Gr\u00e4ddfil<\/a><\/li>\n<li><a href=\"https:\/\/suzanne-forsstroem.de\/wp-content\/uploads\/Groen-gumma-1.pdf\" target=\"_blank\" rel=\"noopener noreferrer\">Gr\u00f6n gumma<\/a><\/li>\n<li><a href=\"https:\/\/suzanne-forsstroem.de\/wp-content\/uploads\/Goera-en-pudel.pdf\" target=\"_blank\" rel=\"noopener noreferrer\">G\u00f6ra en pudel<\/a><\/li>\n<li><a href=\"https:\/\/suzanne-forsstroem.de\/wp-content\/uploads\/Generation_Bianca.pdf\" target=\"_blank\" rel=\"noopener noreferrer\">Generation Bianca<\/a><\/li>\n<li><a href=\"https:\/\/suzanne-forsstroem.de\/wp-content\/uploads\/Kajbalkong.pdf\" target=\"_blank\" rel=\"noopener noreferrer\">Kajbalkong<\/a><\/li>\n<li><a href=\"https:\/\/suzanne-forsstroem.de\/wp-content\/uploads\/Doppardan.pdf\" target=\"_blank\" rel=\"noopener noreferrer\">Doppardan<\/a><\/li>\n<li><a href=\"https:\/\/suzanne-forsstroem.de\/wp-content\/uploads\/Bubbelhoppa-2.pdf\" target=\"_blank\" rel=\"noopener noreferrer\">Bubbelhoppa<\/a><\/li>\n<li><a href=\"https:\/\/suzanne-forsstroem.de\/wp-content\/uploads\/Skam-pa-torra-land-1.pdf\" target=\"_blank\" rel=\"noopener noreferrer\">Skam p\u00e5 torra land<\/a><\/li>\n<li><a href=\"https:\/\/suzanne-forsstroem.de\/wp-content\/uploads\/snoesmocka-1.pdf\" target=\"_blank\" rel=\"noopener noreferrer\">Sn\u00f6smocka<\/a><\/li>\n<li><a href=\"https:\/\/suzanne-forsstroem.de\/wp-content\/uploads\/epadunk.pdf\" target=\"_blank\" rel=\"noopener noreferrer\">Epadunk<\/a><\/li>\n<li><a href=\"https:\/\/suzanne-forsstroem.de\/wp-content\/uploads\/Goddag-yxskaft.pdf\" target=\"_blank\" rel=\"noopener noreferrer\">Goddag yxskaft<\/a><\/li>\n<li><a href=\"https:\/\/suzanne-forsstroem.de\/wp-content\/uploads\/glaedjebetyg.pdf\" target=\"_blank\" rel=\"noopener noreferrer\">Gl\u00e4djebetyg<\/a><\/li>\n<li><a href=\"https:\/\/suzanne-forsstroem.de\/wp-content\/uploads\/Mellanmjoelk.pdf\" target=\"_blank\" rel=\"noopener noreferrer\">Mellanmj\u00f6lk<\/a><\/li>\n<li><a href=\"https:\/\/suzanne-forsstroem.de\/wp-content\/uploads\/LL-Aus-den-Laendern1.pdf\" target=\"_blank\" rel=\"noopener noreferrer\">V\u00e4ntesorg<\/a><\/li>\n<li><a href=\"https:\/\/suzanne-forsstroem.de\/wp-content\/uploads\/Aenda-in-i-kaklet.pdf\" target=\"_blank\" rel=\"noopener noreferrer\">\u00c4nda in i kaklet<\/a><\/li>\n<li><a href=\"https:\/\/suzanne-forsstroem.de\/wp-content\/uploads\/LL-Aus-den-Laendern.pdf\" target=\"_blank\" rel=\"noopener noreferrer\">Brittsommar<\/a><\/li>\n<li><a href=\"https:\/\/suzanne-forsstroem.de\/wp-content\/uploads\/Hesa-Fredrik.pdf\" target=\"_blank\" rel=\"noopener noreferrer\">Hesa Fredrik<\/a><\/li>\n<li><a href=\"https:\/\/suzanne-forsstroem.de\/wp-content\/uploads\/Brasklapp.pdf\" target=\"_blank\" rel=\"noopener noreferrer\">Brasklapp<\/a><\/li>\n<li><a href=\"https:\/\/suzanne-forsstroem.de\/wp-content\/uploads\/Glida-pa-en-raekmacka.pdf\" target=\"_blank\" rel=\"noopener noreferrer\">Glida p\u00e5 en r\u00e4kmacka<\/a><\/li>\n<li><a href=\"https:\/\/suzanne-forsstroem.de\/wp-content\/uploads\/Plocknick.pdf\" target=\"_blank\" rel=\"noopener noreferrer\">Plocknick<\/a><\/li>\n<li><a href=\"https:\/\/suzanne-forsstroem.de\/wp-content\/uploads\/Bolundare.pdf\" target=\"_blank\" rel=\"noopener noreferrer\">Bolundare<\/a><\/li>\n<li><a href=\"https:\/\/suzanne-forsstroem.de\/wp-content\/uploads\/NOREN_JUL.pdf\" target=\"_blank\" rel=\"noopener noreferrer\">Nor\u00e9n-Jul<\/a><\/li>\n<li><a href=\"https:\/\/suzanne-forsstroem.de\/wp-content\/uploads\/Was-ist-tegnellsieren.pdf\" target=\"_blank\" rel=\"noopener noreferrer\">Tegnellisera<\/a><\/li>\n<li><a href=\"https:\/\/suzanne-forsstroem.de\/wp-content\/uploads\/klaedskam-1.pdf\" target=\"_blank\" rel=\"noopener noreferrer\">Kl\u00e4dskam<\/a><\/li>\n<li><a href=\"https:\/\/suzanne-forsstroem.de\/wp-content\/uploads\/Att-greta.pdf\" target=\"_blank\" rel=\"noopener noreferrer\">Att greta<\/a><\/li>\n<li><a href=\"https:\/\/suzanne-forsstroem.de\/wp-content\/uploads\/Flygskam.pdf\" target=\"_blank\" rel=\"noopener noreferrer\">Flygskam<\/a><\/li>\n<li><a href=\"https:\/\/suzanne-forsstroem.de\/wp-content\/uploads\/Asiktskorridoren-.pdf\" target=\"_blank\" rel=\"noopener noreferrer\">\u00c5siktskorridoren<\/a><\/li>\n<li><a href=\"https:\/\/suzanne-forsstroem.de\/wp-content\/uploads\/ploggare.pdf\" target=\"_blank\" rel=\"noopener noreferrer\">Ploggare<\/a><\/li>\n<li><a href=\"https:\/\/suzanne-forsstroem.de\/wp-content\/uploads\/Laeslov.pdf\" target=\"_blank\" rel=\"noopener noreferrer\">L\u00e4slov<\/a><\/li>\n<li><a href=\"https:\/\/suzanne-forsstroem.de\/wp-content\/uploads\/Gubbploga.pdf\" target=\"_blank\" rel=\"noopener noreferrer\">Gubbploga<\/a><\/li>\n<li><a href=\"https:\/\/suzanne-forsstroem.de\/wp-content\/uploads\/Raevdiska.pdf\" target=\"_blank\" rel=\"noopener noreferrer\">R\u00e4vdiska<\/a><\/li>\n<li><a href=\"https:\/\/suzanne-forsstroem.de\/wp-content\/uploads\/wortreich-sve-rattsurfa.pdf\" target=\"_blank\" rel=\"noopener noreferrer\">Rattsurfa<\/a><\/li>\n<li><a href=\"https:\/\/suzanne-forsstroem.de\/wp-content\/uploads\/Talangvisum.pdf\" target=\"_blank\" rel=\"noopener noreferrer\">Talangvisum<\/a><\/li>\n<li><a href=\"https:\/\/suzanne-forsstroem.de\/wp-content\/uploads\/Loeken-pa-laxen.pdf\" target=\"_blank\" rel=\"noopener noreferrer\">L\u00f6k p\u00e5 laxen<\/a><\/li>\n<li><a href=\"https:\/\/suzanne-forsstroem.de\/wp-content\/uploads\/WR-SVE-Dra-at-helvete-pengar-val-sve.pdf\">Dra-\u00e5t-helvete-pengar<\/a><\/li>\n<\/ul>\n<p>[\/et_pb_text][\/et_pb_column][et_pb_column type=&#8221;1_3&#8243; _builder_version=&#8221;4.16&#8243; _module_preset=&#8221;default&#8221; use_background_color_gradient=&#8221;on&#8221; background_color_gradient_direction=&#8221;0deg&#8221; background_color_gradient_stops=&#8221;#FFFFFF 0%|#E7EFF7 100%&#8221; background_color_gradient_start=&#8221;#FFFFFF&#8221; background_color_gradient_end=&#8221;#E7EFF7&#8243; global_colors_info=&#8221;{}&#8221; theme_builder_area=&#8221;post_content&#8221;][et_pb_image src=&#8221;https:\/\/suzanne-forsstroem.de\/wp-content\/uploads\/norway_flagge_1.png&#8221; title_text=&#8221;norway_flagge_1&#8243; align=&#8221;center&#8221; admin_label=&#8221;Norwegen Flagge&#8221; _builder_version=&#8221;4.16&#8243; _module_preset=&#8221;default&#8221; custom_margin=&#8221;||0px||false|false&#8221; global_colors_info=&#8221;{}&#8221; theme_builder_area=&#8221;post_content&#8221;][\/et_pb_image][et_pb_text admin_label=&#8221;Norwegisch&#8221; _builder_version=&#8221;4.21.0&#8243; _module_preset=&#8221;default&#8221; background_enable_color=&#8221;off&#8221; background_color_gradient_direction=&#8221;0deg&#8221; max_width=&#8221;420px&#8221; module_alignment=&#8221;center&#8221; custom_margin=&#8221;0px||||false|false&#8221; custom_padding=&#8221;20px|20px|0px|40px|false|false&#8221; global_colors_info=&#8221;{}&#8221; theme_builder_area=&#8221;post_content&#8221;]<\/p>\n<ul>\n<li><a href=\"https:\/\/suzanne-forsstroem.de\/wp-content\/uploads\/bambuspreik.pdf\" target=\"_blank\" rel=\"noopener noreferrer\">Bambuspreik<\/a><\/li>\n<li><a href=\"https:\/\/suzanne-forsstroem.de\/wp-content\/uploads\/sportsvaske.pdf\" target=\"_blank\" rel=\"noopener noreferrer\">Sportsvaske<\/a><\/li>\n<li><a href=\"https:\/\/suzanne-forsstroem.de\/wp-content\/uploads\/Samtykketrott.pdf\" target=\"_blank\" rel=\"noopener noreferrer\">Samtykketr\u00f8tt<\/a><\/li>\n<li><a href=\"https:\/\/suzanne-forsstroem.de\/wp-content\/uploads\/Pekebuffet.pdf\" target=\"_blank\" rel=\"noopener noreferrer\">Pekebuffet<\/a><\/li>\n<li><a href=\"https:\/\/suzanne-forsstroem.de\/wp-content\/uploads\/N_dugnad.pdf\" target=\"_blank\" rel=\"noopener noreferrer\">Dugnad<\/a><\/li>\n<li><a href=\"https:\/\/suzanne-forsstroem.de\/wp-content\/uploads\/Bunadsgerilja.pdf\" target=\"_blank\" rel=\"noopener noreferrer\">Bunadsgerilja<\/a><\/li>\n<li><a href=\"https:\/\/suzanne-forsstroem.de\/wp-content\/uploads\/Paverker.pdf\">P\u00e5verker<\/a><\/li>\n<li><a href=\"https:\/\/suzanne-forsstroem.de\/wp-content\/uploads\/Krenkelsehysteri.pdf\">Krenkelsehysteri<\/a><\/li>\n<li><a href=\"https:\/\/suzanne-forsstroem.de\/wp-content\/uploads\/Gasemorkjoring.pdf\" target=\"_blank\" rel=\"noopener noreferrer\">G\u00e5semorkj\u00f8ring<\/a><\/li>\n<li><a href=\"https:\/\/suzanne-forsstroem.de\/wp-content\/uploads\/Was-ist-plastvhal.pdf\" target=\"_blank\" rel=\"noopener noreferrer\">Plastvhal<\/a><\/li>\n<li><a href=\"https:\/\/suzanne-forsstroem.de\/wp-content\/uploads\/Tasteplass.pdf\" target=\"_blank\" rel=\"noopener noreferrer\">Tasteplass<\/a><\/li>\n<li><a href=\"https:\/\/suzanne-forsstroem.de\/wp-content\/uploads\/omstilling-norge.pdf\" target=\"_blank\" rel=\"noopener noreferrer\">Omstilling<\/a><\/li>\n<li><a href=\"https:\/\/suzanne-forsstroem.de\/wp-content\/uploads\/Sakte-TV.pdf\" target=\"_blank\" rel=\"noopener noreferrer\">Sakte TV<\/a><\/li>\n<li><a href=\"https:\/\/suzanne-forsstroem.de\/wp-content\/uploads\/Framandkriger.pdf\" target=\"_blank\" rel=\"noopener noreferrer\">Framandkriger<\/a><\/li>\n<li><a href=\"https:\/\/suzanne-forsstroem.de\/wp-content\/uploads\/Asylbaron-.pdf\" target=\"_blank\" rel=\"noopener noreferrer\">Asylbaron<\/a><\/li>\n<li><a href=\"https:\/\/suzanne-forsstroem.de\/wp-content\/uploads\/godhetstyranni.pdf\" target=\"_blank\" rel=\"noopener noreferrer\">Godhetstyranni<\/a><\/li>\n<\/ul>\n<p>[\/et_pb_text][\/et_pb_column][et_pb_column type=&#8221;1_3&#8243; _builder_version=&#8221;4.16&#8243; _module_preset=&#8221;default&#8221; use_background_color_gradient=&#8221;on&#8221; background_color_gradient_direction=&#8221;0deg&#8221; background_color_gradient_stops=&#8221;#FFFFFF 0%|#E7EFF7 100%&#8221; background_color_gradient_start=&#8221;#FFFFFF&#8221; background_color_gradient_end=&#8221;#E7EFF7&#8243; global_colors_info=&#8221;{}&#8221; theme_builder_area=&#8221;post_content&#8221;][et_pb_image src=&#8221;https:\/\/suzanne-forsstroem.de\/wp-content\/uploads\/Denmark-flag_01.png&#8221; title_text=&#8221;Denmark-flag_01&#8243; align=&#8221;center&#8221; admin_label=&#8221;D\u00e4nemark Flagge&#8221; _builder_version=&#8221;4.16&#8243; _module_preset=&#8221;default&#8221; custom_margin=&#8221;||0px||false|false&#8221; global_colors_info=&#8221;{}&#8221; theme_builder_area=&#8221;post_content&#8221;][\/et_pb_image][et_pb_text admin_label=&#8221;D\u00e4nisch&#8221; _builder_version=&#8221;4.27.2&#8243; _module_preset=&#8221;default&#8221; background_enable_color=&#8221;off&#8221; background_color_gradient_direction=&#8221;0deg&#8221; max_width=&#8221;420px&#8221; module_alignment=&#8221;center&#8221; custom_margin=&#8221;0px||||false|false&#8221; custom_padding=&#8221;20px|20px|0px|40px|false|false&#8221; global_colors_info=&#8221;{}&#8221; theme_builder_area=&#8221;post_content&#8221;]<\/p>\n<ul>\n<li><a href=\"https:\/\/suzanne-forsstroem.de\/wp-content\/uploads\/valgflaesk.pdf\" target=\"_blank\" rel=\"noopener noreferrer\">Valgflaesk<\/a><\/li>\n<li><a href=\"https:\/\/suzanne-forsstroem.de\/wp-content\/uploads\/Smorrebrodsjomfru.pdf\" target=\"_blank\" rel=\"noopener noreferrer\">Sm\u00f8rrebr\u00f8dsjomfru<\/a><\/li>\n<li><a href=\"https:\/\/suzanne-forsstroem.de\/wp-content\/uploads\/Hyggeracisme.pdf\" target=\"_blank\" rel=\"noopener noreferrer\">Hyggeracisme<\/a><\/li>\n<li><a href=\"https:\/\/suzanne-forsstroem.de\/wp-content\/uploads\/dk-ananas.pdf\" target=\"_blank\" rel=\"noopener noreferrer\">Ananas i egen juice<\/a><\/li>\n<li><a href=\"https:\/\/suzanne-forsstroem.de\/wp-content\/uploads\/dialogkaffe.pdf\" target=\"_blank\" rel=\"noopener noreferrer\">Dialogkaffe<\/a><\/li>\n<li><a href=\"https:\/\/suzanne-forsstroem.de\/wp-content\/uploads\/Banditter-i-habitter.pdf\" target=\"_blank\" rel=\"noopener noreferrer\">Banditter i habitter<\/a><\/li>\n<li><a href=\"https:\/\/suzanne-forsstroem.de\/wp-content\/uploads\/blandemaskine-dk-wr.pdf\">Blandemaskine<\/a><\/li>\n<li><a href=\"https:\/\/suzanne-forsstroem.de\/wp-content\/uploads\/Smykkelov.pdf\" target=\"_blank\" rel=\"noopener noreferrer\">Smykkelov<\/a><\/li>\n<li><a href=\"https:\/\/suzanne-forsstroem.de\/wp-content\/uploads\/Lyseslukker-dk.pdf\" target=\"_blank\" rel=\"noopener noreferrer\">Lyseslukker<\/a><\/li>\n<li><a href=\"https:\/\/suzanne-forsstroem.de\/wp-content\/uploads\/En-god-cigar.pdf\" target=\"_blank\" rel=\"noopener noreferrer\">En god cigar<\/a><\/li>\n<li><a href=\"https:\/\/suzanne-forsstroem.de\/wp-content\/uploads\/fedtspil.pdf\" target=\"_blank\" rel=\"noopener noreferrer\">Fedtspil<\/a><\/li>\n<li><a href=\"https:\/\/suzanne-forsstroem.de\/wp-content\/uploads\/Skammermagt.pdf\" target=\"_blank\" rel=\"noopener noreferrer\">Skammermagt<\/a><\/li>\n<li><a href=\"https:\/\/suzanne-forsstroem.de\/wp-content\/uploads\/Was-bedeutet-J-Day.pdf\" target=\"_blank\" rel=\"noopener noreferrer\">J-Day<\/a><\/li>\n<li><a href=\"https:\/\/suzanne-forsstroem.de\/wp-content\/uploads\/Hoy-femmer-AllbrightNordis.pdf\" target=\"_blank\" rel=\"noopener noreferrer\">H\u00f8y femmer<\/a><\/li>\n<\/ul>\n<p>[\/et_pb_text][\/et_pb_column][\/et_pb_row][\/et_pb_section]<\/p>\n","protected":false},"excerpt":{"rendered":"<p>Was bedeutet&#8230;? Begriffe aus Schweden, Norwegen, D\u00e4nemark Kulning Kontantplikt Gr\u00e4ddfil Gr\u00f6n gumma G\u00f6ra en pudel Generation Bianca Kajbalkong Doppardan Bubbelhoppa Skam p\u00e5 torra land Sn\u00f6smocka Epadunk Goddag yxskaft Gl\u00e4djebetyg Mellanmj\u00f6lk V\u00e4ntesorg \u00c4nda in i kaklet Brittsommar Hesa Fredrik Brasklapp Glida p\u00e5 en r\u00e4kmacka Plocknick Bolundare Nor\u00e9n-Jul Tegnellisera Kl\u00e4dskam Att greta Flygskam \u00c5siktskorridoren Ploggare L\u00e4slov Gubbploga [&hellip;]<\/p>\n","protected":false},"author":4,"featured_media":0,"parent":0,"menu_order":12,"comment_status":"closed","ping_status":"closed","template":"","meta":{"_et_pb_use_builder":"on","_et_pb_old_content":"","_et_gb_content_width":"","footnotes":""},"class_list":["post-4985","page","type-page","status-publish","hentry"],"_links":{"self":[{"href":"https:\/\/suzanne-forsstroem.de\/sv\/wp-json\/wp\/v2\/pages\/4985","targetHints":{"allow":["GET"]}}],"collection":[{"href":"https:\/\/suzanne-forsstroem.de\/sv\/wp-json\/wp\/v2\/pages"}],"about":[{"href":"https:\/\/suzanne-forsstroem.de\/sv\/wp-json\/wp\/v2\/types\/page"}],"author":[{"embeddable":true,"href":"https:\/\/suzanne-forsstroem.de\/sv\/wp-json\/wp\/v2\/users\/4"}],"replies":[{"embeddable":true,"href":"https:\/\/suzanne-forsstroem.de\/sv\/wp-json\/wp\/v2\/comments?post=4985"}],"version-history":[{"count":4,"href":"https:\/\/suzanne-forsstroem.de\/sv\/wp-json\/wp\/v2\/pages\/4985\/revisions"}],"predecessor-version":[{"id":7636,"href":"https:\/\/suzanne-forsstroem.de\/sv\/wp-json\/wp\/v2\/pages\/4985\/revisions\/7636"}],"wp:attachment":[{"href":"https:\/\/suzanne-forsstroem.de\/sv\/wp-json\/wp\/v2\/media?parent=4985"}],"curies":[{"name":"wp","href":"https:\/\/api.w.org\/{rel}","templated":true}]}}