{"id":4963,"date":"2021-01-17T12:48:54","date_gmt":"2021-01-17T11:48:54","guid":{"rendered":"https:\/\/suzanne-forsstroem.de\/oeversaettning\/"},"modified":"2026-03-27T10:17:52","modified_gmt":"2026-03-27T09:17:52","slug":"oeversaettning","status":"publish","type":"page","link":"https:\/\/suzanne-forsstroem.de\/sv\/oeversaettning\/","title":{"rendered":"Film \u00d6vers\u00e4ttningar, Undertextnung, tyska > svenska &#038; svenska > tyska"},"content":{"rendered":"<p>[et_pb_section fb_built=&#8221;1&#8243; fullwidth=&#8221;on&#8221; module_class=&#8221;header-bg&#8221; _builder_version=&#8221;4.16&#8243; _module_preset=&#8221;default&#8221; background_enable_color=&#8221;off&#8221; background_color_gradient_direction=&#8221;45deg&#8221; background_enable_image=&#8221;off&#8221; custom_margin=&#8221;0px||0px||true|false&#8221; custom_padding=&#8221;||||true|false&#8221; global_colors_info=&#8221;{}&#8221;][et_pb_fullwidth_header title=&#8221;\u00d6vers\u00e4ttning&#8221; text_orientation=&#8221;center&#8221; button_one_url=&#8221;https:\/\/suzanne-forsstroem.de\/wp-content\/uploads\/trainerprofil-okt-2018.pdf&#8221; button_two_url=&#8221;http:\/\/www.mediummagazin.de\/project\/suzanne-forsstroem\/&#8221; admin_label=&#8221;\u00dcbersetzungen \u00dcberschrift&#8221; _builder_version=&#8221;4.16&#8243; _module_preset=&#8221;default&#8221; title_text_color=&#8221;#015896&#8243; subhead_text_align=&#8221;center&#8221; subhead_text_color=&#8221;#000000&#8243; background_enable_color=&#8221;off&#8221; background_layout=&#8221;light&#8221; custom_margin=&#8221;0px||0px||true|false&#8221; custom_padding=&#8221;1%||1%||true|false&#8221; link_option_url_new_window=&#8221;on&#8221; global_colors_info=&#8221;{}&#8221;]<\/p>\n<p style=\"text-align: center;\">Film \u00d6vers\u00e4ttningar, Undertextnung, Voice-Over&#8230;<br \/>Med svenska och tyska som modersm\u00e5l \u00f6vers\u00e4ttar jag tyska &gt; svenska och svenska &gt; tyska<\/p>\n<p>[\/et_pb_fullwidth_header][\/et_pb_section][et_pb_section fb_built=&#8221;1&#8243; specialty=&#8221;on&#8221; module_class=&#8221;wpc-fw-menu&#8221; _builder_version=&#8221;4.16&#8243; _module_preset=&#8221;default&#8221; global_colors_info=&#8221;{}&#8221;][et_pb_column type=&#8221;3_4&#8243; specialty_columns=&#8221;3&#8243; _builder_version=&#8221;4.16&#8243; custom_padding=&#8221;|||&#8221; global_colors_info=&#8221;{}&#8221; custom_padding__hover=&#8221;|||&#8221;][\/et_pb_column][et_pb_column type=&#8221;1_4&#8243; _builder_version=&#8221;4.16&#8243; custom_padding=&#8221;|||&#8221; global_colors_info=&#8221;{}&#8221; custom_padding__hover=&#8221;|||&#8221;][\/et_pb_column][\/et_pb_section][et_pb_section fb_built=&#8221;1&#8243; theme_builder_area=&#8221;post_content&#8221; _builder_version=&#8221;4.27.6&#8243; _module_preset=&#8221;default&#8221;][et_pb_row column_structure=&#8221;1_2,1_2&#8243; make_equal=&#8221;on&#8221; module_class=&#8221;wpc-toggle-wrapper&#8221; _builder_version=&#8221;4.16&#8243; _module_preset=&#8221;default&#8221; global_colors_info=&#8221;{}&#8221; theme_builder_area=&#8221;post_content&#8221;][et_pb_column type=&#8221;1_2&#8243; _builder_version=&#8221;4.16&#8243; _module_preset=&#8221;default&#8221; global_colors_info=&#8221;{}&#8221; theme_builder_area=&#8221;post_content&#8221;][et_pb_text admin_label=&#8221;Referenzen \u00dcberschrfit&#8221; _builder_version=&#8221;4.16&#8243; _module_preset=&#8221;default&#8221; global_colors_info=&#8221;{}&#8221; theme_builder_area=&#8221;post_content&#8221;]<\/p>\n<h3 style=\"text-align: center;\">Referenser<\/h3>\n<p>[\/et_pb_text][et_pb_text admin_label=&#8221;Referenzen Tabelle&#8221; _builder_version=&#8221;4.16&#8243; _module_preset=&#8221;default&#8221; global_colors_info=&#8221;{}&#8221; theme_builder_area=&#8221;post_content&#8221;]<div class='one_fourth'>\n\t\t\t\t\t<img decoding=\"async\" class=\"wp-image-3420\" src=\"https:\/\/suzanne-forsstroem.de\/wp-content\/uploads\/SF_100jaehrige-deutsch-212x300.jpg\" alt=\"\" \/>\n\t\t\t\t<\/div><div class='one_fourth'>\n\t\t\t\t\t<img decoding=\"async\" class=\"wp-image-3422\" src=\"https:\/\/suzanne-forsstroem.de\/wp-content\/uploads\/SF_100j-schwedisch-212x300.jpg\" alt=\"\" \/>\n\t\t\t\t<\/div><div class='one_fourth'>\n\t\t\t\t\t<img loading=\"lazy\" decoding=\"async\" width=\"202\" height=\"300\" class=\"alignnone wp-image-3408\" src=\"https:\/\/suzanne-forsstroem.de\/wp-content\/uploads\/becoming-astri-202x300.jpg\" alt=\"\" \/>\n\t\t\t\t<\/div><div class='one_fourth et_column_last'>\n\t\t\t\t\t<img loading=\"lazy\" decoding=\"async\" width=\"211\" height=\"300\" class=\"alignnone wp-image-3416\" src=\"https:\/\/suzanne-forsstroem.de\/wp-content\/uploads\/unga-astrid-poster-211x300.jpg\" alt=\"\" \/>\n\t\t\t\t<\/div><div class='clear'><\/div><div class='one_fourth'>\n\t\t\t\t\t<img loading=\"lazy\" decoding=\"async\" width=\"213\" height=\"300\" class=\"wp-image-3412\" src=\"https:\/\/suzanne-forsstroem.de\/wp-content\/uploads\/SF_wie_im_himmel-213x300.jpg\" alt=\"\" srcset=\"https:\/\/suzanne-forsstroem.de\/wp-content\/uploads\/SF_wie_im_himmel-213x300.jpg 213w, https:\/\/suzanne-forsstroem.de\/wp-content\/uploads\/SF_wie_im_himmel.jpg 426w\" sizes=\"(max-width: 213px) 100vw, 213px\" \/>\n\t\t\t\t<\/div><div class='one_fourth'>\n\t\t\t\t\t<img loading=\"lazy\" decoding=\"async\" width=\"210\" height=\"300\" class=\"wp-image-3414\" src=\"https:\/\/suzanne-forsstroem.de\/wp-content\/uploads\/SF_wie-im-himmel-schwed--210x300.jpg\" alt=\"\" srcset=\"https:\/\/suzanne-forsstroem.de\/wp-content\/uploads\/SF_wie-im-himmel-schwed--210x300.jpg 210w, https:\/\/suzanne-forsstroem.de\/wp-content\/uploads\/SF_wie-im-himmel-schwed-.jpg 420w\" sizes=\"(max-width: 210px) 100vw, 210px\" \/>\n\t\t\t\t<\/div><div class='one_fourth'>\n\t\t\t\t\t<img loading=\"lazy\" decoding=\"async\" width=\"212\" height=\"300\" class=\"wp-image-3410\" src=\"https:\/\/suzanne-forsstroem.de\/wp-content\/uploads\/SF_easy_money_-212x300.jpg\" alt=\"\" srcset=\"https:\/\/suzanne-forsstroem.de\/wp-content\/uploads\/SF_easy_money_-212x300.jpg 212w, https:\/\/suzanne-forsstroem.de\/wp-content\/uploads\/SF_easy_money_.jpg 423w\" sizes=\"(max-width: 212px) 100vw, 212px\" \/>\n\t\t\t\t<\/div><div class='one_fourth et_column_last'>\n\t\t\t\t\t<img decoding=\"async\" class=\"wp-image-3418\" \n src=\"https:\/\/suzanne-forsstroem.de\/wp-content\/uploads\/SF_snabba-cash-210x300.jpg\" alt=\"\" \/>\n\t\t\t\t<\/div><div class='clear'><\/div>[\/et_pb_text][\/et_pb_column][et_pb_column type=&#8221;1_2&#8243; _builder_version=&#8221;4.16&#8243; _module_preset=&#8221;default&#8221; global_colors_info=&#8221;{}&#8221; theme_builder_area=&#8221;post_content&#8221;][et_pb_text admin_label=&#8221;Leer \u00dcberschrfit&#8221; _builder_version=&#8221;4.16&#8243; _module_preset=&#8221;default&#8221; global_colors_info=&#8221;{}&#8221; theme_builder_area=&#8221;post_content&#8221;]<\/p>\n<h3 style=\"text-align: center;\">&nbsp;<\/h3>\n<p>[\/et_pb_text][et_pb_text _builder_version=&#8221;4.17.3&#8243; _module_preset=&#8221;default&#8221; global_colors_info=&#8221;{}&#8221; theme_builder_area=&#8221;post_content&#8221;]<\/p>\n<p>F\u00f6r mig som \u00f6vers\u00e4ttare och tolk \u00e4r det viktigt att \u00f6vers\u00e4tta mellan raderna. Att tolka det som inte har sagts men menats f\u00f6r att uppn\u00e5 b\u00e5de en spr\u00e5klig och kulturell f\u00f6rst\u00e5else.<\/p>\n<p>Att \u00f6vers\u00e4tta p\u00e5 ett interkulturellt och kreativt s\u00e4tt betyder att transportera sociokulturella vanor och egenheter fr\u00e5n k\u00e4llspr\u00e5ket till m\u00e5lspr\u00e5ket.<\/p>\n<p>Med svenska och tyska som modersm\u00e5l \u00f6vers\u00e4ttar och tolkar jag <strong>DE &gt; SV<\/strong> och <strong>SV &gt; DE<\/strong><\/p>\n<p><strong>Mina huvudomr\u00e5den: Film\u00f6vers\u00e4ttning (Voice-Over och Synkronisering), Undertextning, Filmmanus, Press Media, Sk\u00f6nlitteratur, Turism, Konst, Kultur, Teater, Psykologi, Reklam.<\/strong><\/p>\n<p>[\/et_pb_text][\/et_pb_column][\/et_pb_row][\/et_pb_section][et_pb_section fb_built=&#8221;1&#8243; admin_label=&#8221;Footer Sektion&#8221; _builder_version=&#8221;4.16&#8243; _module_preset=&#8221;default&#8221; global_colors_info=&#8221;{}&#8221;][et_pb_row _builder_version=&#8221;4.16&#8243; _module_preset=&#8221;default&#8221; global_colors_info=&#8221;{}&#8221;][et_pb_column type=&#8221;4_4&#8243; _builder_version=&#8221;4.16&#8243; _module_preset=&#8221;default&#8221; global_colors_info=&#8221;{}&#8221;][et_pb_text admin_label=&#8221;Referenzen (Auswahl) \u00dcberschrift&#8221; _builder_version=&#8221;4.16&#8243; _module_preset=&#8221;default&#8221; global_colors_info=&#8221;{}&#8221;]<\/p>\n<h3 style=\"text-align: center;\">Referenser<\/h3>\n<p>[\/et_pb_text][\/et_pb_column][\/et_pb_row][et_pb_row column_structure=&#8221;1_6,1_6,1_6,1_6,1_6,1_6&#8243; admin_label=&#8221;Footer Zeile mit 14 Logos\/Links&#8221; _builder_version=&#8221;4.16&#8243; _module_preset=&#8221;default&#8221; custom_margin=&#8221;||||true|false&#8221; custom_padding=&#8221;0px||0px||true|false&#8221; global_colors_info=&#8221;{}&#8221;][et_pb_column type=&#8221;1_6&#8243; _builder_version=&#8221;4.16&#8243; _module_preset=&#8221;default&#8221; global_colors_info=&#8221;{}&#8221;][et_pb_blurb url_new_window=&#8221;on&#8221; image=&#8221;https:\/\/suzanne-forsstroem.de\/wp-content\/uploads\/inscript.jpg&#8221; admin_label=&#8221;inscript&#8221; _builder_version=&#8221;4.16&#8243; _module_preset=&#8221;default&#8221; custom_margin=&#8221;||10px||false|false&#8221; link_option_url_new_window=&#8221;on&#8221; global_colors_info=&#8221;{}&#8221;][\/et_pb_blurb][et_pb_blurb url_new_window=&#8221;on&#8221; image=&#8221;https:\/\/suzanne-forsstroem.de\/wp-content\/uploads\/bv.png&#8221; admin_label=&#8221;bv&#8221; _builder_version=&#8221;4.16&#8243; _module_preset=&#8221;default&#8221; custom_margin=&#8221;||10px||false|false&#8221; link_option_url_new_window=&#8221;on&#8221; global_colors_info=&#8221;{}&#8221;][\/et_pb_blurb][et_pb_blurb url_new_window=&#8221;on&#8221; image=&#8221;https:\/\/suzanne-forsstroem.de\/wp-content\/uploads\/seenotretter.png&#8221; admin_label=&#8221;seenotretter&#8221; _builder_version=&#8221;4.16&#8243; _module_preset=&#8221;default&#8221; custom_margin=&#8221;||10px||false|false&#8221; link_option_url_new_window=&#8221;on&#8221; global_colors_info=&#8221;{}&#8221;][\/et_pb_blurb][\/et_pb_column][et_pb_column type=&#8221;1_6&#8243; _builder_version=&#8221;4.16&#8243; _module_preset=&#8221;default&#8221; global_colors_info=&#8221;{}&#8221;][et_pb_blurb url_new_window=&#8221;on&#8221; image=&#8221;https:\/\/suzanne-forsstroem.de\/wp-content\/uploads\/eurotape.png&#8221; admin_label=&#8221;eurotape&#8221; _builder_version=&#8221;4.16&#8243; _module_preset=&#8221;default&#8221; custom_margin=&#8221;||10px||false|false&#8221; link_option_url_new_window=&#8221;on&#8221; global_colors_info=&#8221;{}&#8221;][\/et_pb_blurb][et_pb_blurb url_new_window=&#8221;on&#8221; image=&#8221;https:\/\/suzanne-forsstroem.de\/wp-content\/uploads\/mediam.jpg&#8221; admin_label=&#8221;mediamarkt&#8221; _builder_version=&#8221;4.16&#8243; _module_preset=&#8221;default&#8221; custom_margin=&#8221;||10px||false|false&#8221; link_option_url_new_window=&#8221;on&#8221; global_colors_info=&#8221;{}&#8221;][\/et_pb_blurb][et_pb_blurb url_new_window=&#8221;on&#8221; image=&#8221;https:\/\/suzanne-forsstroem.de\/wp-content\/uploads\/uni_heidelberg.jpg&#8221; admin_label=&#8221;uni heidelberg&#8221; _builder_version=&#8221;4.16&#8243; _module_preset=&#8221;default&#8221; custom_margin=&#8221;||10px||false|false&#8221; link_option_url_new_window=&#8221;on&#8221; global_colors_info=&#8221;{}&#8221;][\/et_pb_blurb][\/et_pb_column][et_pb_column type=&#8221;1_6&#8243; _builder_version=&#8221;4.16&#8243; _module_preset=&#8221;default&#8221; global_colors_info=&#8221;{}&#8221;][et_pb_blurb url_new_window=&#8221;on&#8221; image=&#8221;https:\/\/suzanne-forsstroem.de\/wp-content\/uploads\/cinephon.png&#8221; admin_label=&#8221;cinephon&#8221; _builder_version=&#8221;4.16&#8243; _module_preset=&#8221;default&#8221; custom_margin=&#8221;||10px||false|false&#8221; link_option_url_new_window=&#8221;on&#8221; global_colors_info=&#8221;{}&#8221;][\/et_pb_blurb][et_pb_blurb url_new_window=&#8221;on&#8221; image=&#8221;https:\/\/suzanne-forsstroem.de\/wp-content\/uploads\/btb.png&#8221; admin_label=&#8221;btb&#8221; _builder_version=&#8221;4.16&#8243; _module_preset=&#8221;default&#8221; custom_margin=&#8221;||10px||false|false&#8221; link_option_url_new_window=&#8221;on&#8221; global_colors_info=&#8221;{}&#8221;][\/et_pb_blurb][et_pb_blurb url_new_window=&#8221;on&#8221; image=&#8221;https:\/\/suzanne-forsstroem.de\/wp-content\/uploads\/cheeese.jpg&#8221; admin_label=&#8221;cheeese&#8221; _builder_version=&#8221;4.16&#8243; _module_preset=&#8221;default&#8221; custom_margin=&#8221;||10px||false|false&#8221; link_option_url_new_window=&#8221;on&#8221; global_colors_info=&#8221;{}&#8221;][\/et_pb_blurb][\/et_pb_column][et_pb_column type=&#8221;1_6&#8243; _builder_version=&#8221;4.16&#8243; _module_preset=&#8221;default&#8221; global_colors_info=&#8221;{}&#8221;][et_pb_blurb url_new_window=&#8221;on&#8221; image=&#8221;https:\/\/suzanne-forsstroem.de\/wp-content\/uploads\/film_video.jpg&#8221; admin_label=&#8221;film_video&#8221; _builder_version=&#8221;4.16&#8243; _module_preset=&#8221;default&#8221; custom_margin=&#8221;||10px||false|false&#8221; link_option_url_new_window=&#8221;on&#8221; global_colors_info=&#8221;{}&#8221;][\/et_pb_blurb][et_pb_blurb url_new_window=&#8221;on&#8221; image=&#8221;https:\/\/suzanne-forsstroem.de\/wp-content\/uploads\/ilb.jpg&#8221; admin_label=&#8221;ilb&#8221; _builder_version=&#8221;4.16&#8243; _module_preset=&#8221;default&#8221; custom_margin=&#8221;||10px||false|false&#8221; link_option_url_new_window=&#8221;on&#8221; global_colors_info=&#8221;{}&#8221;][\/et_pb_blurb][et_pb_blurb url_new_window=&#8221;on&#8221; image=&#8221;https:\/\/suzanne-forsstroem.de\/wp-content\/uploads\/parship.png&#8221; admin_label=&#8221;parship&#8221; _builder_version=&#8221;4.16&#8243; _module_preset=&#8221;default&#8221; custom_margin=&#8221;||10px||false|false&#8221; link_option_url_new_window=&#8221;on&#8221; global_colors_info=&#8221;{}&#8221;][\/et_pb_blurb][\/et_pb_column][et_pb_column type=&#8221;1_6&#8243; _builder_version=&#8221;4.16&#8243; _module_preset=&#8221;default&#8221; global_colors_info=&#8221;{}&#8221;][et_pb_blurb url_new_window=&#8221;on&#8221; image=&#8221;https:\/\/suzanne-forsstroem.de\/wp-content\/uploads\/schwed_botschaft.jpg&#8221; admin_label=&#8221;schwed botsch&#8221; _builder_version=&#8221;4.16&#8243; _module_preset=&#8221;default&#8221; custom_margin=&#8221;||10px||false|false&#8221; link_option_url_new_window=&#8221;on&#8221; global_colors_info=&#8221;{}&#8221;][\/et_pb_blurb][et_pb_blurb url_new_window=&#8221;on&#8221; image=&#8221;https:\/\/suzanne-forsstroem.de\/wp-content\/uploads\/visitb.png&#8221; admin_label=&#8221;visit b&#8221; _builder_version=&#8221;4.16&#8243; _module_preset=&#8221;default&#8221; custom_margin=&#8221;||10px||false|false&#8221; link_option_url_new_window=&#8221;on&#8221; global_colors_info=&#8221;{}&#8221;][\/et_pb_blurb][\/et_pb_column][et_pb_column type=&#8221;1_6&#8243; _builder_version=&#8221;4.16&#8243; _module_preset=&#8221;default&#8221; global_colors_info=&#8221;{}&#8221;][et_pb_blurb url_new_window=&#8221;on&#8221; image=&#8221;https:\/\/suzanne-forsstroem.de\/wp-content\/uploads\/bundesprachenamt.jpg&#8221; admin_label=&#8221;bundessprachenamt&#8221; _builder_version=&#8221;4.16&#8243; _module_preset=&#8221;default&#8221; custom_margin=&#8221;||10px||false|false&#8221; link_option_url_new_window=&#8221;on&#8221; global_colors_info=&#8221;{}&#8221;][\/et_pb_blurb][et_pb_blurb url_new_window=&#8221;on&#8221; image=&#8221;https:\/\/suzanne-forsstroem.de\/wp-content\/uploads\/villa.png&#8221; admin_label=&#8221;villa\u00e4garna&#8221; _builder_version=&#8221;4.16&#8243; _module_preset=&#8221;default&#8221; custom_margin=&#8221;||10px||false|false&#8221; link_option_url_new_window=&#8221;on&#8221; global_colors_info=&#8221;{}&#8221;][\/et_pb_blurb][\/et_pb_column][\/et_pb_row][\/et_pb_section]<\/p>\n","protected":false},"excerpt":{"rendered":"<p>Film \u00d6vers\u00e4ttningar, Undertextnung, Voice-Over&#8230;Med svenska och tyska som modersm\u00e5l \u00f6vers\u00e4ttar jag tyska &gt; svenska och svenska &gt; tyskaReferenser<div class='one_fourth'>\n\t\t\t\t\t\n\t\t\t\t<\/div><div class='one_fourth'>\n\t\t\t\t\t\n\t\t\t\t<\/div><div class='one_fourth'>\n\t\t\t\t\t\n\t\t\t\t<\/div><div class='one_fourth et_column_last'>\n\t\t\t\t\t\n\t\t\t\t<\/div><div class='clear'><\/div><div class='one_fourth'>\n\t\t\t\t\t\n\t\t\t\t<\/div><div class='one_fourth'>\n\t\t\t\t\t\n\t\t\t\t<\/div><div class='one_fourth'>\n\t\t\t\t\t\n\t\t\t\t<\/div><div class='one_fourth et_column_last'>\n\t\t\t\t\t\n\t\t\t\t<\/div><div class='clear'><\/div>&nbsp;F\u00f6r mig som \u00f6vers\u00e4ttare och tolk \u00e4r det viktigt att \u00f6vers\u00e4tta mellan raderna. Att tolka det som inte har sagts men menats f\u00f6r att uppn\u00e5 b\u00e5de en spr\u00e5klig och kulturell f\u00f6rst\u00e5else. Att \u00f6vers\u00e4tta p\u00e5 ett interkulturellt och kreativt [&hellip;]<\/p>\n","protected":false},"author":4,"featured_media":0,"parent":0,"menu_order":11,"comment_status":"closed","ping_status":"closed","template":"","meta":{"_et_pb_use_builder":"on","_et_pb_old_content":"","_et_gb_content_width":"","footnotes":""},"class_list":["post-4963","page","type-page","status-publish","hentry"],"_links":{"self":[{"href":"https:\/\/suzanne-forsstroem.de\/sv\/wp-json\/wp\/v2\/pages\/4963","targetHints":{"allow":["GET"]}}],"collection":[{"href":"https:\/\/suzanne-forsstroem.de\/sv\/wp-json\/wp\/v2\/pages"}],"about":[{"href":"https:\/\/suzanne-forsstroem.de\/sv\/wp-json\/wp\/v2\/types\/page"}],"author":[{"embeddable":true,"href":"https:\/\/suzanne-forsstroem.de\/sv\/wp-json\/wp\/v2\/users\/4"}],"replies":[{"embeddable":true,"href":"https:\/\/suzanne-forsstroem.de\/sv\/wp-json\/wp\/v2\/comments?post=4963"}],"version-history":[{"count":1,"href":"https:\/\/suzanne-forsstroem.de\/sv\/wp-json\/wp\/v2\/pages\/4963\/revisions"}],"predecessor-version":[{"id":7637,"href":"https:\/\/suzanne-forsstroem.de\/sv\/wp-json\/wp\/v2\/pages\/4963\/revisions\/7637"}],"wp:attachment":[{"href":"https:\/\/suzanne-forsstroem.de\/sv\/wp-json\/wp\/v2\/media?parent=4963"}],"curies":[{"name":"wp","href":"https:\/\/api.w.org\/{rel}","templated":true}]}}