{"id":4744,"date":"2021-01-16T19:01:37","date_gmt":"2021-01-16T18:01:37","guid":{"rendered":"https:\/\/suzanne-forsstroem.de\/om-mig\/"},"modified":"2026-03-27T10:20:00","modified_gmt":"2026-03-27T09:20:00","slug":"om-mig","status":"publish","type":"page","link":"https:\/\/suzanne-forsstroem.de\/sv\/om-mig\/","title":{"rendered":"Interkulturell tr\u00e4nare, \u00f6vers\u00e4ttare tyska-svenska"},"content":{"rendered":"<p>[et_pb_section fb_built=&#8221;1&#8243; fullwidth=&#8221;on&#8221; module_class=&#8221;header-bg&#8221; _builder_version=&#8221;4.16&#8243; _module_preset=&#8221;default&#8221; background_enable_color=&#8221;off&#8221; background_color_gradient_direction=&#8221;45deg&#8221; background_enable_image=&#8221;off&#8221; custom_margin=&#8221;0px||0px||true|false&#8221; custom_padding=&#8221;||||true|false&#8221; custom_css_main_element=&#8221;\/* Permalink &#8211; use to edit and share this gradient: https:\/\/colorzilla.com\/gradient-editor\/#f6f8f9+0,e5ebee+50,d7dee3+51,f5f7f9+100;White+Gloss *\/||background: #f6f8f9; \/* Old browsers *\/||background: -moz-linear-gradient(-45deg,  #f6f8f9 0%, #e5ebee 50%, #d7dee3 51%, #f5f7f9 100%); \/* FF3.6-15 *\/||background: -webkit-linear-gradient(-45deg,  #f6f8f9 0%,#e5ebee 50%,#d7dee3 51%,#f5f7f9 100%); \/* Chrome10-25,Safari5.1-6 *\/||background: linear-gradient(135deg,  #f6f8f9 0%,#e5ebee 50%,#d7dee3 51%,#f5f7f9 100%); \/* W3C, IE10+, FF16+, Chrome26+, Opera12+, Safari7+ *\/||filter: progid:DXImageTransform.Microsoft.gradient( startColorstr=&#8217;#f6f8f9&#8242;, endColorstr=&#8217;#f5f7f9&#8242;,GradientType=1 ); \/* IE6-9 fallback on horizontal gradient *\/||&#8221; global_colors_info=&#8221;{}&#8221;][et_pb_fullwidth_header title=&#8221;Om mig&#8221; text_orientation=&#8221;center&#8221; admin_label=&#8221;\u00dcber mich&#8221; _builder_version=&#8221;4.16&#8243; _module_preset=&#8221;default&#8221; title_text_color=&#8221;#015896&#8243; content_text_color=&#8221;#015896&#8243; subhead_text_align=&#8221;center&#8221; subhead_text_color=&#8221;#000000&#8243; background_enable_color=&#8221;off&#8221; custom_margin=&#8221;0px||0px||true|false&#8221; custom_padding=&#8221;1%||1%||true|false&#8221; link_option_url_new_window=&#8221;on&#8221; global_colors_info=&#8221;{}&#8221;]<\/p>\n<p style=\"text-align: center;\">Interkulturell tr\u00e4nare, journalist, \u00f6vers\u00e4ttare: Med tyska och svenska som modersm\u00e5l k\u00e4nner jag till de kulturella skillnaderna &amp; likheterna i b\u00e5da l\u00e4nderna mycket v\u00e4l.<\/p>\n<p>[\/et_pb_fullwidth_header][\/et_pb_section][et_pb_section fb_built=&#8221;1&#8243; _builder_version=&#8221;4.16&#8243; _module_preset=&#8221;default&#8221; custom_margin=&#8221;0px||||false|false&#8221; custom_padding=&#8221;0px||||false|false&#8221; global_colors_info=&#8221;{}&#8221;][et_pb_row column_structure=&#8221;1_3,1_3,1_3&#8243; _builder_version=&#8221;4.16&#8243; _module_preset=&#8221;default&#8221; max_width=&#8221;880px&#8221; global_colors_info=&#8221;{}&#8221;][et_pb_column type=&#8221;1_3&#8243; _builder_version=&#8221;4.16&#8243; _module_preset=&#8221;default&#8221; global_colors_info=&#8221;{}&#8221;][et_pb_button button_url=&#8221;https:\/\/suzanne-forsstroem.de\/wp-content\/uploads\/suzanne-forsstroem-kompetensprofil-sve_02-2021.pdf&#8221; url_new_window=&#8221;on&#8221; button_text=&#8221;Kompetensprofil&#8221; button_alignment=&#8221;center&#8221; admin_label=&#8221;Button Komeptenz&#8221; _builder_version=&#8221;4.16&#8243; _module_preset=&#8221;default&#8221; global_colors_info=&#8221;{}&#8221;][\/et_pb_button][\/et_pb_column][et_pb_column type=&#8221;1_3&#8243; _builder_version=&#8221;4.16&#8243; _module_preset=&#8221;default&#8221; global_colors_info=&#8221;{}&#8221;][et_pb_button button_url=&#8221;http:\/\/www.mediummagazin.de\/project\/suzanne-forsstroem\/&#8221; url_new_window=&#8221;on&#8221; button_text=&#8221;Medium Magazin&#8221; button_alignment=&#8221;center&#8221; admin_label=&#8221;Button Medium&#8221; _builder_version=&#8221;4.16&#8243; _module_preset=&#8221;default&#8221; global_colors_info=&#8221;{}&#8221;][\/et_pb_button][\/et_pb_column][et_pb_column type=&#8221;1_3&#8243; _builder_version=&#8221;4.16&#8243; _module_preset=&#8221;default&#8221; global_colors_info=&#8221;{}&#8221;][et_pb_button button_url=&#8221;https:\/\/suzanne-forsstroem.de\/wp-content\/uploads\/SFOe-Konferens2019-12.pdf&#8221; url_new_window=&#8221;on&#8221; button_text=&#8221;SF\u00d6 Sveriges Fack\u00f6vers\u00e4ttarf\u00f6rening&#8221; button_alignment=&#8221;center&#8221; admin_label=&#8221;Button SF\u00d6&#8221; _builder_version=&#8221;4.16&#8243; _module_preset=&#8221;default&#8221; global_colors_info=&#8221;{}&#8221;][\/et_pb_button][\/et_pb_column][\/et_pb_row][\/et_pb_section][et_pb_section fb_built=&#8221;1&#8243; specialty=&#8221;on&#8221; _builder_version=&#8221;4.16&#8243; _module_preset=&#8221;default&#8221; global_colors_info=&#8221;{}&#8221;][et_pb_column type=&#8221;3_4&#8243; specialty_columns=&#8221;3&#8243; _builder_version=&#8221;4.16&#8243; custom_padding=&#8221;|||&#8221; global_colors_info=&#8221;{}&#8221; custom_padding__hover=&#8221;|||&#8221;][et_pb_row_inner column_structure=&#8221;1_2,1_2&#8243; make_equal=&#8221;on&#8221; _builder_version=&#8221;4.16&#8243; _module_preset=&#8221;default&#8221; global_colors_info=&#8221;{}&#8221;][et_pb_column_inner type=&#8221;1_2&#8243; saved_specialty_column_type=&#8221;3_4&#8243; _builder_version=&#8221;4.16&#8243; _module_preset=&#8221;default&#8221; global_colors_info=&#8221;{}&#8221;][et_pb_image src=&#8221;https:\/\/suzanne-forsstroem.de\/wp-content\/uploads\/FotoForsstrom.jpg&#8221; alt=&#8221;Suzanne Forsstr\u00f6m&#8221; title_text=&#8221;FotoForsstr\u00f6m&#8221; _builder_version=&#8221;4.17.4&#8243; _module_preset=&#8221;default&#8221; global_colors_info=&#8221;{}&#8221;][\/et_pb_image][et_pb_blurb title=&#8221;Mentor 2022&#8243; image=&#8221;https:\/\/suzanne-forsstroem.de\/wp-content\/uploads\/Mentorin-2022-e1696259041487.png&#8221; _builder_version=&#8221;4.22.2&#8243; _module_preset=&#8221;default&#8221; header_text_align=&#8221;center&#8221; header_text_color=&#8221;#000000&#8243; header_font_size=&#8221;24px&#8221; max_width=&#8221;343px&#8221; global_colors_info=&#8221;{}&#8221;][\/et_pb_blurb][\/et_pb_column_inner][et_pb_column_inner type=&#8221;1_2&#8243; saved_specialty_column_type=&#8221;3_4&#8243; _builder_version=&#8221;4.16&#8243; _module_preset=&#8221;default&#8221; global_colors_info=&#8221;{}&#8221;][et_pb_text _builder_version=&#8221;4.17.3&#8243; _module_preset=&#8221;default&#8221; global_colors_info=&#8221;{}&#8221;]<\/p>\n<h2>Suzanne Forsstr\u00f6m<\/h2>\n<p>Som f\u00f6dd svenska v\u00e4xte jag upp tv\u00e5spr\u00e5kig i Tyskland och Sverige.<\/p>\n<p>Med min akademiska utbildning och mina kompletterande studier k\u00e4nner jag till b\u00e5da l\u00e4ndernas kulturella skillnader och gemenskaper v\u00e4ldigt v\u00e4l.<\/p>\n<p>Som interkulturell tr\u00e4nare sensibiliserar jag f\u00f6r missf\u00f6rst\u00e5nd som kan uppst\u00e5 och hur svenskar och tyskar kan samarbeta friktionsfritt.<\/p>\n<p>Som journalist skriver jag om Sverige i tyska media.<\/p>\n<p>Som \u00f6vers\u00e4ttare och tolk (<strong>DE &gt; SV<\/strong>\u00a0och\u00a0<strong>SV &gt; DE<\/strong>) vet jag vad som s\u00e4gs mellan raderna.<\/p>\n<h4>Denna tredubbla specialiseringen ger mig ett helhetsperspektiv.<\/h4>\n<p>[\/et_pb_text][\/et_pb_column_inner][\/et_pb_row_inner][\/et_pb_column][et_pb_column type=&#8221;1_4&#8243; _builder_version=&#8221;4.16&#8243; custom_padding=&#8221;|||&#8221; global_colors_info=&#8221;{}&#8221; custom_padding__hover=&#8221;|||&#8221;][\/et_pb_column][\/et_pb_section][et_pb_section fb_built=&#8221;1&#8243; admin_label=&#8221;Footer Sektion&#8221; _builder_version=&#8221;4.16&#8243; _module_preset=&#8221;default&#8221; global_colors_info=&#8221;{}&#8221;][et_pb_row _builder_version=&#8221;4.16&#8243; _module_preset=&#8221;default&#8221; global_colors_info=&#8221;{}&#8221;][et_pb_column type=&#8221;4_4&#8243; _builder_version=&#8221;4.16&#8243; _module_preset=&#8221;default&#8221; global_colors_info=&#8221;{}&#8221;][et_pb_text admin_label=&#8221;Mitgliedschaften \u00dcberschrift&#8221; _builder_version=&#8221;4.16&#8243; _module_preset=&#8221;default&#8221; global_colors_info=&#8221;{}&#8221;]<\/p>\n<h3 style=\"text-align: center;\">Medlemskap<\/h3>\n<p>[\/et_pb_text][\/et_pb_column][\/et_pb_row][et_pb_row column_structure=&#8221;1_6,1_6,1_6,1_6,1_6,1_6&#8243; admin_label=&#8221;Footer Zeile mit 6 Logos\/Links&#8221; _builder_version=&#8221;4.16&#8243; _module_preset=&#8221;default&#8221; custom_margin=&#8221;||||true|false&#8221; custom_padding=&#8221;0px||0px||true|false&#8221; global_colors_info=&#8221;{}&#8221;][et_pb_column type=&#8221;1_6&#8243; _builder_version=&#8221;4.16&#8243; _module_preset=&#8221;default&#8221; global_colors_info=&#8221;{}&#8221;][et_pb_blurb url=&#8221;https:\/\/www.schwedenkammer.de\/&#8221; url_new_window=&#8221;on&#8221; image=&#8221;https:\/\/suzanne-forsstroem.de\/wp-content\/uploads\/schwedische-handelskammer.jpg&#8221; admin_label=&#8221;schwed hk&#8221; _builder_version=&#8221;4.16&#8243; _module_preset=&#8221;default&#8221; custom_margin=&#8221;||10px||false|false&#8221; link_option_url=&#8221;https:\/\/www.schwedenkammer.de\/&#8221; link_option_url_new_window=&#8221;on&#8221; global_colors_info=&#8221;{}&#8221;][\/et_pb_blurb][\/et_pb_column][et_pb_column type=&#8221;1_6&#8243; _builder_version=&#8221;4.16&#8243; _module_preset=&#8221;default&#8221; global_colors_info=&#8221;{}&#8221;][et_pb_blurb url=&#8221;https:\/\/bdue.de\/der-bdue&#8221; url_new_window=&#8221;on&#8221; image=&#8221;https:\/\/suzanne-forsstroem.de\/wp-content\/uploads\/bdue.jpg&#8221; admin_label=&#8221;bd\u00fc&#8221; _builder_version=&#8221;4.16&#8243; _module_preset=&#8221;default&#8221; custom_margin=&#8221;||10px||false|false&#8221; link_option_url=&#8221;https:\/\/bdue.de\/der-bdue&#8221; link_option_url_new_window=&#8221;on&#8221; global_colors_info=&#8221;{}&#8221;][\/et_pb_blurb][\/et_pb_column][et_pb_column type=&#8221;1_6&#8243; _builder_version=&#8221;4.16&#8243; _module_preset=&#8221;default&#8221; global_colors_info=&#8221;{}&#8221;][et_pb_blurb url=&#8221;https:\/\/sfoe.se\/sv\/&#8221; url_new_window=&#8221;on&#8221; image=&#8221;https:\/\/suzanne-forsstroem.de\/wp-content\/uploads\/sfoe.jpg&#8221; admin_label=&#8221;sf\u00f6&#8221; _builder_version=&#8221;4.16&#8243; _module_preset=&#8221;default&#8221; custom_margin=&#8221;||10px||false|false&#8221; link_option_url=&#8221;https:\/\/sfoe.se\/sv\/&#8221; link_option_url_new_window=&#8221;on&#8221; global_colors_info=&#8221;{}&#8221;][\/et_pb_blurb][\/et_pb_column][et_pb_column type=&#8221;1_6&#8243; _builder_version=&#8221;4.16&#8243; _module_preset=&#8221;default&#8221; global_colors_info=&#8221;{}&#8221;][et_pb_blurb url=&#8221;https:\/\/www.djv.de\/&#8221; url_new_window=&#8221;on&#8221; image=&#8221;https:\/\/suzanne-forsstroem.de\/wp-content\/uploads\/djv.jpg&#8221; admin_label=&#8221;djv&#8221; _builder_version=&#8221;4.16&#8243; _module_preset=&#8221;default&#8221; custom_margin=&#8221;||10px||false|false&#8221; link_option_url=&#8221;https:\/\/www.djv.de\/&#8221; link_option_url_new_window=&#8221;on&#8221; global_colors_info=&#8221;{}&#8221;][\/et_pb_blurb][\/et_pb_column][et_pb_column type=&#8221;1_6&#8243; _builder_version=&#8221;4.16&#8243; _module_preset=&#8221;default&#8221; global_colors_info=&#8221;{}&#8221;][et_pb_blurb url=&#8221;https:\/\/sietar-deutschland.de\/&#8221; url_new_window=&#8221;on&#8221; image=&#8221;https:\/\/suzanne-forsstroem.de\/wp-content\/uploads\/Sietar.jpg&#8221; admin_label=&#8221;sietar&#8221; _builder_version=&#8221;4.16&#8243; _module_preset=&#8221;default&#8221; custom_margin=&#8221;||10px||false|false&#8221; link_option_url=&#8221;https:\/\/sietar-deutschland.de\/&#8221; link_option_url_new_window=&#8221;on&#8221; global_colors_info=&#8221;{}&#8221;][\/et_pb_blurb][\/et_pb_column][et_pb_column type=&#8221;1_6&#8243; _builder_version=&#8221;4.16&#8243; _module_preset=&#8221;default&#8221; global_colors_info=&#8221;{}&#8221;][et_pb_blurb url=&#8221;http:\/\/www.intercultural-network.de\/&#8221; url_new_window=&#8221;on&#8221; image=&#8221;https:\/\/suzanne-forsstroem.de\/wp-content\/uploads\/IN.jpg&#8221; admin_label=&#8221;intercult network&#8221; _builder_version=&#8221;4.16&#8243; _module_preset=&#8221;default&#8221; custom_margin=&#8221;||10px||false|false&#8221; link_option_url=&#8221;http:\/\/www.intercultural-network.de\/&#8221; link_option_url_new_window=&#8221;on&#8221; global_colors_info=&#8221;{}&#8221;][\/et_pb_blurb][\/et_pb_column][\/et_pb_row][\/et_pb_section]<\/p>\n","protected":false},"excerpt":{"rendered":"<p>Interkulturell tr\u00e4nare, journalist, \u00f6vers\u00e4ttare: Med tyska och svenska som modersm\u00e5l k\u00e4nner jag till de kulturella skillnaderna &amp; likheterna i b\u00e5da l\u00e4nderna mycket v\u00e4l.Suzanne Forsstr\u00f6m Som f\u00f6dd svenska v\u00e4xte jag upp tv\u00e5spr\u00e5kig i Tyskland och Sverige. Med min akademiska utbildning och mina kompletterande studier k\u00e4nner jag till b\u00e5da l\u00e4ndernas kulturella skillnader och gemenskaper v\u00e4ldigt v\u00e4l. Som [&hellip;]<\/p>\n","protected":false},"author":4,"featured_media":0,"parent":0,"menu_order":1,"comment_status":"closed","ping_status":"closed","template":"","meta":{"_et_pb_use_builder":"on","_et_pb_old_content":"","_et_gb_content_width":"","footnotes":""},"class_list":["post-4744","page","type-page","status-publish","hentry"],"_links":{"self":[{"href":"https:\/\/suzanne-forsstroem.de\/sv\/wp-json\/wp\/v2\/pages\/4744","targetHints":{"allow":["GET"]}}],"collection":[{"href":"https:\/\/suzanne-forsstroem.de\/sv\/wp-json\/wp\/v2\/pages"}],"about":[{"href":"https:\/\/suzanne-forsstroem.de\/sv\/wp-json\/wp\/v2\/types\/page"}],"author":[{"embeddable":true,"href":"https:\/\/suzanne-forsstroem.de\/sv\/wp-json\/wp\/v2\/users\/4"}],"replies":[{"embeddable":true,"href":"https:\/\/suzanne-forsstroem.de\/sv\/wp-json\/wp\/v2\/comments?post=4744"}],"version-history":[{"count":1,"href":"https:\/\/suzanne-forsstroem.de\/sv\/wp-json\/wp\/v2\/pages\/4744\/revisions"}],"predecessor-version":[{"id":7639,"href":"https:\/\/suzanne-forsstroem.de\/sv\/wp-json\/wp\/v2\/pages\/4744\/revisions\/7639"}],"wp:attachment":[{"href":"https:\/\/suzanne-forsstroem.de\/sv\/wp-json\/wp\/v2\/media?parent=4744"}],"curies":[{"name":"wp","href":"https:\/\/api.w.org\/{rel}","templated":true}]}}