{"id":4682,"date":"2021-01-16T18:50:49","date_gmt":"2021-01-16T17:50:49","guid":{"rendered":"https:\/\/suzanne-forsstroem.de\/start\/"},"modified":"2022-08-02T17:31:12","modified_gmt":"2022-08-02T15:31:12","slug":"start","status":"publish","type":"page","link":"https:\/\/suzanne-forsstroem.de\/sv\/","title":{"rendered":"Interkulturell Tr\u00e4ning Sverige &#8211; Tyskland"},"content":{"rendered":"<p>[et_pb_section fb_built=&#8221;1&#8243; fullwidth=&#8221;on&#8221; module_class=&#8221;header-bg&#8221; _builder_version=&#8221;4.16&#8243; _module_preset=&#8221;default&#8221; background_enable_color=&#8221;off&#8221; background_color_gradient_direction=&#8221;45deg&#8221; background_enable_image=&#8221;off&#8221; custom_margin=&#8221;0px||0px||true|false&#8221; custom_padding=&#8221;||||true|false&#8221; custom_css_main_element=&#8221;\/* Permalink &#8211; use to edit and share this gradient: https:\/\/colorzilla.com\/gradient-editor\/#f6f8f9+0,e5ebee+50,d7dee3+51,f5f7f9+100;White+Gloss *\/||background: #f6f8f9; \/* Old browsers *\/||background: -moz-linear-gradient(-45deg,  #f6f8f9 0%, #e5ebee 50%, #d7dee3 51%, #f5f7f9 100%); \/* FF3.6-15 *\/||background: -webkit-linear-gradient(-45deg,  #f6f8f9 0%,#e5ebee 50%,#d7dee3 51%,#f5f7f9 100%); \/* Chrome10-25,Safari5.1-6 *\/||background: linear-gradient(135deg,  #f6f8f9 0%,#e5ebee 50%,#d7dee3 51%,#f5f7f9 100%); \/* W3C, IE10+, FF16+, Chrome26+, Opera12+, Safari7+ *\/||filter: progid:DXImageTransform.Microsoft.gradient( startColorstr=&#8217;#f6f8f9&#8242;, endColorstr=&#8217;#f5f7f9&#8242;,GradientType=1 ); \/* IE6-9 fallback on horizontal gradient *\/||&#8221; global_colors_info=&#8221;{}&#8221;][et_pb_fullwidth_header title=&#8221;Tyskland &#8211; Sverige&#8221; text_orientation=&#8221;center&#8221; admin_label=&#8221;Schweden-Deutschland&#8221; _builder_version=&#8221;4.16&#8243; _module_preset=&#8221;default&#8221; title_text_color=&#8221;#015896&#8243; content_text_align=&#8221;center&#8221; content_text_color=&#8221;#015896&#8243; background_enable_color=&#8221;off&#8221; custom_margin=&#8221;0px||0px||true|false&#8221; custom_padding=&#8221;1%||1%||true|false&#8221; global_colors_info=&#8221;{}&#8221;]<\/p>\n<p style=\"text-align: center;\">Interkulturell Tr\u00e4ning, \u00d6vers\u00e4ttningar, Film \u00d6vers\u00e4ttning &amp; Undertextning, Kurser &amp; F\u00f6redrag<\/p>\n<p>[\/et_pb_fullwidth_header][\/et_pb_section][et_pb_section fb_built=&#8221;1&#8243; specialty=&#8221;on&#8221; admin_label=&#8221;Sektion&#8221; _builder_version=&#8221;4.16&#8243; _module_preset=&#8221;default&#8221; global_colors_info=&#8221;{}&#8221;][et_pb_column type=&#8221;3_4&#8243; specialty_columns=&#8221;3&#8243; _builder_version=&#8221;4.16&#8243; custom_padding=&#8221;|||&#8221; global_colors_info=&#8221;{}&#8221; custom_padding__hover=&#8221;|||&#8221;][et_pb_row_inner column_structure=&#8221;1_3,1_3,1_3&#8243; use_custom_gutter=&#8221;on&#8221; make_equal=&#8221;on&#8221; _builder_version=&#8221;4.16&#8243; _module_preset=&#8221;default&#8221; width=&#8221;100%&#8221; max_width=&#8221;100%&#8221; module_alignment=&#8221;center&#8221; global_colors_info=&#8221;{}&#8221;][et_pb_column_inner type=&#8221;1_3&#8243; saved_specialty_column_type=&#8221;3_4&#8243; _builder_version=&#8221;4.16&#8243; _module_preset=&#8221;default&#8221; custom_css_main_element=&#8221;width: 33%!important;&#8221; global_colors_info=&#8221;{}&#8221; custom_css_main_element_last_edited=&#8221;on|phone&#8221; custom_css_main_element_tablet=&#8221;width: 46%!important;||margin-right: 4%;&#8221; custom_css_main_element_phone=&#8221;width: 100%!important;&#8221;][et_pb_blurb url=&#8221;https:\/\/suzanne-forsstroem.de\/sv\/interkulturell-traening-coachning\/&#8221; image=&#8221;https:\/\/suzanne-forsstroem.de\/wp-content\/uploads\/2020\/12\/forsstroem_interkulturelles-training.jpg&#8221; alt=&#8221;Forsstr\u00f6m Interkulturell Tr\u00e4ning&#8221; admin_label=&#8221;Interkulturelles Training&#8221; _builder_version=&#8221;4.16&#8243; _module_preset=&#8221;default&#8221; link_option_url=&#8221;https:\/\/suzanne-forsstroem.de\/sv\/interkulturell-traening-coachning\/&#8221; global_colors_info=&#8221;{}&#8221;]<\/p>\n<h1 style=\"text-align: center;\" data-fontsize=\"24\" data-lineheight=\"33\"><a href=\"\/?page_id=5946\">Interkulturell Tr\u00e4ning<\/a><\/h1>\n<p style=\"text-align: center;\">\u00d6ppna kurser, Publikationer<br \/>F\u00f6redrag och Intervjuer<\/p>\n<p>[\/et_pb_blurb][et_pb_button button_url=&#8221;https:\/\/suzanne-forsstroem.de\/sv\/interkulturell-traening-coachning\/&#8221; button_text=&#8221;L\u00e4s mer&#8221; button_alignment=&#8221;center&#8221; admin_label=&#8221;Button Mehr lesen&#8221; _builder_version=&#8221;4.16&#8243; _module_preset=&#8221;default&#8221; global_colors_info=&#8221;{}&#8221;][\/et_pb_button][\/et_pb_column_inner][et_pb_column_inner type=&#8221;1_3&#8243; saved_specialty_column_type=&#8221;3_4&#8243; _builder_version=&#8221;4.16&#8243; _module_preset=&#8221;default&#8221; custom_css_main_element=&#8221;width: 33%!important;&#8221; global_colors_info=&#8221;{}&#8221; custom_css_main_element_last_edited=&#8221;on|tablet&#8221; custom_css_main_element_tablet=&#8221;width: 46%!important;||margin-right: 4%;&#8221; custom_css_main_element_phone=&#8221;width: 100%!important;&#8221;][et_pb_blurb url=&#8221;https:\/\/suzanne-forsstroem.de\/sv\/journalistik-sverige\/&#8221; image=&#8221;https:\/\/suzanne-forsstroem.de\/wp-content\/uploads\/2020\/12\/forsstroem_journalismus.jpg&#8221; alt=&#8221;Forsstr\u00f6m Journalistik&#8221; admin_label=&#8221;Journalismus&#8221; _builder_version=&#8221;4.16&#8243; _module_preset=&#8221;default&#8221; link_option_url=&#8221;https:\/\/suzanne-forsstroem.de\/sv\/journalistik-sverige\/&#8221; global_colors_info=&#8221;{}&#8221;]<\/p>\n<h1 style=\"text-align: center;\" data-fontsize=\"24\" data-lineheight=\"33\"><a href=\"https:\/\/suzanne-forsstroem.de\/sv\/journalistik-sverige\/\">Journalistik<\/a><\/h1>\n<p style=\"text-align: center;\">Reportage, Portr\u00e4tt,<br \/>\nFeature och Rapport<\/p>\n<p>[\/et_pb_blurb][et_pb_button button_url=&#8221;https:\/\/suzanne-forsstroem.de\/sv\/journalistik-sverige\/&#8221; button_text=&#8221;L\u00e4s mer&#8221; button_alignment=&#8221;center&#8221; admin_label=&#8221;Button Mehr lesen&#8221; _builder_version=&#8221;4.16&#8243; _module_preset=&#8221;default&#8221; global_colors_info=&#8221;{}&#8221;][\/et_pb_button][\/et_pb_column_inner][et_pb_column_inner type=&#8221;1_3&#8243; saved_specialty_column_type=&#8221;3_4&#8243; _builder_version=&#8221;4.16&#8243; _module_preset=&#8221;default&#8221; custom_css_main_element=&#8221;width: 33%!important;&#8221; global_colors_info=&#8221;{}&#8221; custom_css_main_element_last_edited=&#8221;on|phone&#8221; custom_css_main_element_tablet=&#8221;width: 46%!important;||margin-right: 4%;&#8221; custom_css_main_element_phone=&#8221;width: 100%!important;&#8221;][et_pb_blurb url=&#8221;https:\/\/suzanne-forsstroem.de\/sv\/oeversaettning\/&#8221; image=&#8221;https:\/\/suzanne-forsstroem.de\/wp-content\/uploads\/forsstroem-uebersetzungen.jpg&#8221; alt=&#8221;Forsstr\u00f6m \u00d6vers\u00e4ttning&#8221; admin_label=&#8221;\u00dcbersetzungen&#8221; _builder_version=&#8221;4.16&#8243; _module_preset=&#8221;default&#8221; link_option_url=&#8221;https:\/\/suzanne-forsstroem.de\/sv\/oeversaettning\/&#8221; global_colors_info=&#8221;{}&#8221;]<\/p>\n<h1 style=\"text-align: center;\" data-fontsize=\"24\" data-lineheight=\"33\"><a href=\"\/?page_id=4963\">\u00d6vers\u00e4ttning<\/a><\/h1>\n<p style=\"text-align: center;\">Film-Undertextning, Manus,<br \/>Press, Media, Sk\u00f6nlitteratur &#8230;<\/p>\n<p>[\/et_pb_blurb][et_pb_button button_url=&#8221;https:\/\/suzanne-forsstroem.de\/sv\/oeversaettning\/&#8221; button_text=&#8221;L\u00e4s mer&#8221; button_alignment=&#8221;center&#8221; admin_label=&#8221;Button Mehr lesen&#8221; _builder_version=&#8221;4.16&#8243; _module_preset=&#8221;default&#8221; global_colors_info=&#8221;{}&#8221;][\/et_pb_button][\/et_pb_column_inner][\/et_pb_row_inner][et_pb_row_inner column_structure=&#8221;1_3,1_3,1_3&#8243; use_custom_gutter=&#8221;on&#8221; make_equal=&#8221;on&#8221; _builder_version=&#8221;4.16&#8243; _module_preset=&#8221;default&#8221; width=&#8221;100%&#8221; max_width=&#8221;100%&#8221; module_alignment=&#8221;center&#8221; global_colors_info=&#8221;{}&#8221;][et_pb_column_inner type=&#8221;1_3&#8243; saved_specialty_column_type=&#8221;3_4&#8243; _builder_version=&#8221;4.16&#8243; _module_preset=&#8221;default&#8221; custom_css_main_element=&#8221;width: 33% !important;&#8221; global_colors_info=&#8221;{}&#8221; custom_css_main_element_last_edited=&#8221;on|tablet&#8221; custom_css_main_element_tablet=&#8221;width: 46% !important;||margin-right: 4%;&#8221; custom_css_main_element_phone=&#8221;width: 100% !important;||margin-right: 0;&#8221;][et_pb_blurb url=&#8221;https:\/\/suzanne-forsstroem.de\/sv\/suzannes-wort-reich\/&#8221; image=&#8221;https:\/\/suzanne-forsstroem.de\/wp-content\/uploads\/Nordis.jpg&#8221; alt=&#8221;Nordis&#8221; admin_label=&#8221;Suzannes WORT Reich&#8221; _builder_version=&#8221;4.16&#8243; _module_preset=&#8221;default&#8221; module_alignment=&#8221;center&#8221; link_option_url=&#8221;https:\/\/suzanne-forsstroem.de\/sv\/suzannes-wort-reich\/&#8221; global_colors_info=&#8221;{}&#8221;]<\/p>\n<h1 style=\"text-align: center;\" data-fontsize=\"24\" data-lineheight=\"33\"><a href=\"\/?page_id=4985\">Suzannes WORT Reich<\/a><\/h1>\n<p style=\"text-align: center;\">Vad betyder<br \/>dessa svenska, norska och danska ord?<\/p>\n<p>[\/et_pb_blurb][et_pb_button button_url=&#8221;https:\/\/suzanne-forsstroem.de\/sv\/suzannes-wort-reich\/&#8221; button_text=&#8221;L\u00e4s mer&#8221; button_alignment=&#8221;center&#8221; admin_label=&#8221;Button Mehr lesen&#8221; _builder_version=&#8221;4.16&#8243; _module_preset=&#8221;default&#8221; global_colors_info=&#8221;{}&#8221;][\/et_pb_button][\/et_pb_column_inner][et_pb_column_inner type=&#8221;1_3&#8243; saved_specialty_column_type=&#8221;3_4&#8243; _builder_version=&#8221;4.16&#8243; _module_preset=&#8221;default&#8221; custom_css_main_element=&#8221;width: 33% !important;||&#8221; global_colors_info=&#8221;{}&#8221; custom_css_main_element_last_edited=&#8221;on|phone&#8221; custom_css_main_element_tablet=&#8221;width: 46% !important;||margin-right: 4%;&#8221; custom_css_main_element_phone=&#8221;width: 100% !important;||margin-right: 0;&#8221;][et_pb_blurb url=&#8221;https:\/\/suzanne-forsstroem.de\/sv\/bokrecensioner1\/&#8221; image=&#8221;https:\/\/suzanne-forsstroem.de\/wp-content\/uploads\/forsstroem-buchrezensionen.jpg&#8221; alt=&#8221;Forsstr\u00f6m Bokrecensioner&#8221; admin_label=&#8221;Buchrezensionen&#8221; _builder_version=&#8221;4.16&#8243; _module_preset=&#8221;default&#8221; link_option_url=&#8221;https:\/\/suzanne-forsstroem.de\/sv\/bokrecensioner1\/&#8221; global_colors_info=&#8221;{}&#8221;]<\/p>\n<h1 style=\"text-align: center;\" data-fontsize=\"24\" data-lineheight=\"33\"><a href=\"https:\/\/suzanne-forsstroem.de\/sv\/bokrecensioner1\/\">Bokrecensioner<\/a><\/h1>\n<p style=\"text-align: center;\">H\u00e4r kan du hitta bokrecensioner<br \/>Skandinaviska f\u00f6rfattare<\/p>\n<p>[\/et_pb_blurb][et_pb_button button_url=&#8221;https:\/\/suzanne-forsstroem.de\/sv\/bokrecensioner1\/&#8221; button_text=&#8221;L\u00e4s mer&#8221; button_alignment=&#8221;center&#8221; admin_label=&#8221;Button Mehr lesen&#8221; _builder_version=&#8221;4.16&#8243; _module_preset=&#8221;default&#8221; global_colors_info=&#8221;{}&#8221;][\/et_pb_button][\/et_pb_column_inner][et_pb_column_inner type=&#8221;1_3&#8243; saved_specialty_column_type=&#8221;3_4&#8243; _builder_version=&#8221;4.16&#8243; _module_preset=&#8221;default&#8221; custom_css_main_element=&#8221;width: 33% !important;||&#8221; global_colors_info=&#8221;{}&#8221; custom_css_main_element_last_edited=&#8221;on|phone&#8221; custom_css_main_element_tablet=&#8221;width: 46% !important;||margin-right: 4%;&#8221; custom_css_main_element_phone=&#8221;width: 100% !important;||margin-right: 0;&#8221;][et_pb_blurb url=&#8221;https:\/\/suzanne-forsstroem.de\/sv\/om-mig\/&#8221; image=&#8221;https:\/\/suzanne-forsstroem.de\/wp-content\/uploads\/FotoForsstrom.jpg&#8221; alt=&#8221;Suzanne Forsstr\u00f6m&#8221; admin_label=&#8221;\u00dcber mich&#8221; _builder_version=&#8221;4.17.6&#8243; _module_preset=&#8221;default&#8221; background_enable_color=&#8221;off&#8221; link_option_url=&#8221;https:\/\/suzanne-forsstroem.de\/sv\/om-mig\/&#8221; hover_enabled=&#8221;0&#8243; global_colors_info=&#8221;{}&#8221; title_text=&#8221;FotoForsstr\u00f6m&#8221; sticky_enabled=&#8221;0&#8243;]<\/p>\n<h1 style=\"text-align: center;\" data-fontsize=\"24\" data-lineheight=\"33\"><a href=\"\/?page_id=4744\">Om mig<\/a><\/h1>\n<p style=\"text-align: center;\">Interkulturell tr\u00e4nare,<br \/>Journalist, \u00d6vers\u00e4ttare<\/p>\n<p>[\/et_pb_blurb][et_pb_button button_url=&#8221;https:\/\/suzanne-forsstroem.de\/sv\/om-mig\/&#8221; button_text=&#8221;L\u00e4s mer&#8221; button_alignment=&#8221;center&#8221; admin_label=&#8221;Button Mehr lesen&#8221; _builder_version=&#8221;4.16&#8243; _module_preset=&#8221;default&#8221; global_colors_info=&#8221;{}&#8221;][\/et_pb_button][\/et_pb_column_inner][\/et_pb_row_inner][et_pb_row_inner disabled_on=&#8221;on|on|on&#8221; _builder_version=&#8221;4.16&#8243; _module_preset=&#8221;default&#8221; custom_margin=&#8221;0px||2%||false|false&#8221; custom_padding=&#8221;0px||0px||false|false&#8221; disabled=&#8221;on&#8221; global_colors_info=&#8221;{}&#8221;][et_pb_column_inner saved_specialty_column_type=&#8221;3_4&#8243; _builder_version=&#8221;4.16&#8243; _module_preset=&#8221;default&#8221; global_colors_info=&#8221;{}&#8221;][et_pb_divider color=&#8221;#015896&#8243; _builder_version=&#8221;4.16&#8243; _module_preset=&#8221;default&#8221; module_alignment=&#8221;center&#8221; custom_margin=&#8221;0px||0px||false|false&#8221; custom_padding=&#8221;0px||0px||false|false&#8221; global_colors_info=&#8221;{}&#8221;][\/et_pb_divider][\/et_pb_column_inner][\/et_pb_row_inner][et_pb_row_inner disabled_on=&#8221;on|on|on&#8221; _builder_version=&#8221;4.16&#8243; _module_preset=&#8221;default&#8221; custom_padding=&#8221;0px||||false|false&#8221; disabled=&#8221;on&#8221; global_colors_info=&#8221;{}&#8221;][et_pb_column_inner saved_specialty_column_type=&#8221;3_4&#8243; _builder_version=&#8221;4.16&#8243; _module_preset=&#8221;default&#8221; global_colors_info=&#8221;{}&#8221;][et_pb_blog fullwidth=&#8221;off&#8221; posts_number=&#8221;4&#8243; include_categories=&#8221;1&#8243; meta_date=&#8221;d.m.Y&#8221; show_thumbnail=&#8221;off&#8221; show_author=&#8221;off&#8221; show_date=&#8221;off&#8221; show_categories=&#8221;off&#8221; show_pagination=&#8221;off&#8221; disabled_on=&#8221;off|off|off&#8221; module_class=&#8221;blog-modul &#8221; _builder_version=&#8221;4.16&#8243; _module_preset=&#8221;default&#8221; custom_css_featured_image=&#8221;max-width: 250px;||margin-left: auto;||margin-right: auto;&#8221; border_width_all=&#8221;0px&#8221; border_color_all=&#8221;rgba(0,0,0,0)&#8221; border_width_left=&#8221;5px&#8221; border_color_left=&#8221;#D0DFEE&#8221; global_colors_info=&#8221;{}&#8221; custom_css_main_element_last_edited=&#8221;on|desktop&#8221;][\/et_pb_blog][et_pb_text disabled_on=&#8221;on|on|on&#8221; admin_label=&#8221;\u00dcberschrift Twitter&#8221; _builder_version=&#8221;4.16&#8243; _module_preset=&#8221;default&#8221; disabled=&#8221;on&#8221; global_colors_info=&#8221;{}&#8221;]<\/p>\n<h1>Twitter Feeds<\/h1>\n<p>[\/et_pb_text][et_pb_code disabled_on=&#8221;on|on|on&#8221; admin_label=&#8221;Twitter Shortcode&#8221; _builder_version=&#8221;4.16&#8243; _module_preset=&#8221;default&#8221; custom_css_main_element=&#8221;background: #E7EFF7;||background: -moz-linear-gradient(top,  #E7EFF7 0%, #ffffff 100%);||background: -webkit-linear-gradient(top,  #E7EFF7 0%,#ffffff 100%);||background: linear-gradient(to bottom,  #E7EFF7 0%,#ffffff 100%);||padding: 5%;||&#8221; disabled=&#8221;on&#8221; global_colors_info=&#8221;{}&#8221;][custom-twitter-feeds][\/et_pb_code][\/et_pb_column_inner][\/et_pb_row_inner][\/et_pb_column][et_pb_column type=&#8221;1_4&#8243; _builder_version=&#8221;4.16&#8243; custom_padding=&#8221;|||&#8221; global_colors_info=&#8221;{}&#8221; custom_padding__hover=&#8221;|||&#8221;][et_pb_sidebar _builder_version=&#8221;4.16&#8243; _module_preset=&#8221;default&#8221; global_colors_info=&#8221;{}&#8221;][\/et_pb_sidebar][\/et_pb_column][\/et_pb_section][et_pb_section fb_built=&#8221;1&#8243; admin_label=&#8221;Footer Sektion&#8221; _builder_version=&#8221;4.16&#8243; _module_preset=&#8221;default&#8221; global_colors_info=&#8221;{}&#8221;][et_pb_row _builder_version=&#8221;4.16&#8243; _module_preset=&#8221;default&#8221; global_colors_info=&#8221;{}&#8221;][et_pb_column type=&#8221;4_4&#8243; _builder_version=&#8221;4.16&#8243; _module_preset=&#8221;default&#8221; global_colors_info=&#8221;{}&#8221;][et_pb_text admin_label=&#8221;Mitgliedschaften \u00dcberschrift&#8221; _builder_version=&#8221;4.16&#8243; _module_preset=&#8221;default&#8221; global_colors_info=&#8221;{}&#8221;]<\/p>\n<h3 style=\"text-align: center;\">Medlemskap<\/h3>\n<p>[\/et_pb_text][\/et_pb_column][\/et_pb_row][et_pb_row column_structure=&#8221;1_6,1_6,1_6,1_6,1_6,1_6&#8243; admin_label=&#8221;Footer Zeile mit 6 Logos\/Links&#8221; _builder_version=&#8221;4.16&#8243; _module_preset=&#8221;default&#8221; custom_margin=&#8221;||||true|false&#8221; custom_padding=&#8221;0px||0px||true|false&#8221; global_colors_info=&#8221;{}&#8221;][et_pb_column type=&#8221;1_6&#8243; _builder_version=&#8221;4.16&#8243; _module_preset=&#8221;default&#8221; global_colors_info=&#8221;{}&#8221;][et_pb_blurb url=&#8221;https:\/\/www.schwedenkammer.de\/&#8221; url_new_window=&#8221;on&#8221; image=&#8221;https:\/\/suzanne-forsstroem.de\/wp-content\/uploads\/schwedische-handelskammer.jpg&#8221; admin_label=&#8221;schwed hk&#8221; _builder_version=&#8221;4.16&#8243; _module_preset=&#8221;default&#8221; custom_margin=&#8221;||10px||false|false&#8221; link_option_url=&#8221;https:\/\/www.schwedenkammer.de\/&#8221; link_option_url_new_window=&#8221;on&#8221; global_colors_info=&#8221;{}&#8221;][\/et_pb_blurb][\/et_pb_column][et_pb_column type=&#8221;1_6&#8243; _builder_version=&#8221;4.16&#8243; _module_preset=&#8221;default&#8221; global_colors_info=&#8221;{}&#8221;][et_pb_blurb url=&#8221;https:\/\/bdue.de\/der-bdue&#8221; url_new_window=&#8221;on&#8221; image=&#8221;https:\/\/suzanne-forsstroem.de\/wp-content\/uploads\/bdue.jpg&#8221; admin_label=&#8221;bd\u00fc&#8221; _builder_version=&#8221;4.16&#8243; _module_preset=&#8221;default&#8221; custom_margin=&#8221;||10px||false|false&#8221; link_option_url=&#8221;https:\/\/bdue.de\/der-bdue&#8221; link_option_url_new_window=&#8221;on&#8221; global_colors_info=&#8221;{}&#8221;][\/et_pb_blurb][\/et_pb_column][et_pb_column type=&#8221;1_6&#8243; _builder_version=&#8221;4.16&#8243; _module_preset=&#8221;default&#8221; global_colors_info=&#8221;{}&#8221;][et_pb_blurb url=&#8221;https:\/\/sfoe.se\/sv\/&#8221; url_new_window=&#8221;on&#8221; image=&#8221;https:\/\/suzanne-forsstroem.de\/wp-content\/uploads\/sfoe.jpg&#8221; admin_label=&#8221;sf\u00f6&#8221; _builder_version=&#8221;4.16&#8243; _module_preset=&#8221;default&#8221; custom_margin=&#8221;||10px||false|false&#8221; link_option_url=&#8221;https:\/\/sfoe.se\/sv\/&#8221; link_option_url_new_window=&#8221;on&#8221; global_colors_info=&#8221;{}&#8221;][\/et_pb_blurb][\/et_pb_column][et_pb_column type=&#8221;1_6&#8243; _builder_version=&#8221;4.16&#8243; _module_preset=&#8221;default&#8221; global_colors_info=&#8221;{}&#8221;][et_pb_blurb url=&#8221;https:\/\/www.djv.de\/&#8221; url_new_window=&#8221;on&#8221; image=&#8221;https:\/\/suzanne-forsstroem.de\/wp-content\/uploads\/djv.jpg&#8221; admin_label=&#8221;djv&#8221; _builder_version=&#8221;4.16&#8243; _module_preset=&#8221;default&#8221; custom_margin=&#8221;||10px||false|false&#8221; link_option_url=&#8221;https:\/\/www.djv.de\/&#8221; link_option_url_new_window=&#8221;on&#8221; global_colors_info=&#8221;{}&#8221;][\/et_pb_blurb][\/et_pb_column][et_pb_column type=&#8221;1_6&#8243; _builder_version=&#8221;4.16&#8243; _module_preset=&#8221;default&#8221; global_colors_info=&#8221;{}&#8221;][et_pb_blurb url=&#8221;https:\/\/sietar-deutschland.de\/&#8221; url_new_window=&#8221;on&#8221; image=&#8221;https:\/\/suzanne-forsstroem.de\/wp-content\/uploads\/Sietar.jpg&#8221; admin_label=&#8221;sietar&#8221; _builder_version=&#8221;4.16&#8243; _module_preset=&#8221;default&#8221; custom_margin=&#8221;||10px||false|false&#8221; link_option_url=&#8221;https:\/\/sietar-deutschland.de\/&#8221; link_option_url_new_window=&#8221;on&#8221; global_colors_info=&#8221;{}&#8221;][\/et_pb_blurb][\/et_pb_column][et_pb_column type=&#8221;1_6&#8243; _builder_version=&#8221;4.16&#8243; _module_preset=&#8221;default&#8221; global_colors_info=&#8221;{}&#8221;][et_pb_blurb url=&#8221;http:\/\/www.intercultural-network.de\/&#8221; url_new_window=&#8221;on&#8221; image=&#8221;https:\/\/suzanne-forsstroem.de\/wp-content\/uploads\/IN.jpg&#8221; admin_label=&#8221;intercult network&#8221; _builder_version=&#8221;4.16&#8243; _module_preset=&#8221;default&#8221; custom_margin=&#8221;||10px||false|false&#8221; link_option_url=&#8221;http:\/\/www.intercultural-network.de\/&#8221; link_option_url_new_window=&#8221;on&#8221; global_colors_info=&#8221;{}&#8221;][\/et_pb_blurb][\/et_pb_column][\/et_pb_row][\/et_pb_section]<\/p>\n","protected":false},"excerpt":{"rendered":"<p>Interkulturell Tr\u00e4ning, \u00d6vers\u00e4ttningar, Film \u00d6vers\u00e4ttning &amp; Undertextning, Kurser &amp; F\u00f6redragInterkulturell Tr\u00e4ning \u00d6ppna kurser, PublikationerF\u00f6redrag och IntervjuerJournalistik Reportage, Portr\u00e4tt, Feature och Rapport\u00d6vers\u00e4ttning Film-Undertextning, Manus,Press, Media, Sk\u00f6nlitteratur &#8230;Suzannes WORT Reich Vad betyderdessa svenska, norska och danska ord?Bokrecensioner H\u00e4r kan du hitta bokrecensionerSkandinaviska f\u00f6rfattareOm mig Interkulturell tr\u00e4nare,Journalist, \u00d6vers\u00e4ttareTwitter Feeds[custom-twitter-feeds]Medlemskap<\/p>\n","protected":false},"author":4,"featured_media":0,"parent":0,"menu_order":0,"comment_status":"closed","ping_status":"closed","template":"","meta":{"_et_pb_use_builder":"on","_et_pb_old_content":"","_et_gb_content_width":"","footnotes":""},"class_list":["post-4682","page","type-page","status-publish","hentry"],"_links":{"self":[{"href":"https:\/\/suzanne-forsstroem.de\/sv\/wp-json\/wp\/v2\/pages\/4682","targetHints":{"allow":["GET"]}}],"collection":[{"href":"https:\/\/suzanne-forsstroem.de\/sv\/wp-json\/wp\/v2\/pages"}],"about":[{"href":"https:\/\/suzanne-forsstroem.de\/sv\/wp-json\/wp\/v2\/types\/page"}],"author":[{"embeddable":true,"href":"https:\/\/suzanne-forsstroem.de\/sv\/wp-json\/wp\/v2\/users\/4"}],"replies":[{"embeddable":true,"href":"https:\/\/suzanne-forsstroem.de\/sv\/wp-json\/wp\/v2\/comments?post=4682"}],"version-history":[{"count":0,"href":"https:\/\/suzanne-forsstroem.de\/sv\/wp-json\/wp\/v2\/pages\/4682\/revisions"}],"wp:attachment":[{"href":"https:\/\/suzanne-forsstroem.de\/sv\/wp-json\/wp\/v2\/media?parent=4682"}],"curies":[{"name":"wp","href":"https:\/\/api.w.org\/{rel}","templated":true}]}}